{"id":18,"date":"2022-02-08T16:54:59","date_gmt":"2022-02-08T15:54:59","guid":{"rendered":"http:\/\/bjuvsue.cluster031.hosting.ovh.net\/?page_id=18"},"modified":"2022-03-31T08:13:46","modified_gmt":"2022-03-31T06:13:46","slug":"infos-pratiques","status":"publish","type":"page","link":"https:\/\/escale-coloc.fr\/index.php\/infos-pratiques\/","title":{"rendered":"Infos pratiques"},"content":{"rendered":"\n<h2 class=\"wp-block-heading\">Ecoles \u00e0 proximit\u00e9<\/h2>\n\n\n\n<div class=\"wp-block-columns is-layout-flex wp-container-core-columns-is-layout-9d6595d7 wp-block-columns-is-layout-flex\">\n<div class=\"wp-block-column is-layout-flow wp-block-column-is-layout-flow\">\n<p><\/p>\n\n\n\n<ul class=\"wp-block-list\"><li>CESI Ecole d&rsquo;ing\u00e9nieur, 3min \u00e0 pied : Campus Paquebot num\u00e9rique (ouverture en septembre 2022)<\/li><li>ArgoVFX, 5min \u00e0 pied<\/li><li>Ecole des Beaux Arts, 7min \u00e0 pied<\/li><li>Lyc\u00e9e Aristide Briand, Classes pr\u00e9pa, 11min en bus<\/li><li>IUT Campus Heinlex, 30min en bus<\/li><li>Polytech, Campus Gavy : 30min en bus<\/li><li>IFSI, Campus Gavy : 30min en bus<\/li><\/ul>\n<\/div>\n\n\n\n<div class=\"wp-block-column is-layout-flow wp-block-column-is-layout-flow\">\n<iframe loading=\"lazy\" width=\"100%\" height=\"400px\" frameborder=\"0\" allowfullscreen=\"\" src=\"\/\/umap.openstreetmap.fr\/fr\/map\/escale-coloc_729679?scaleControl=false&amp;miniMap=false&amp;scrollWheelZoom=false&amp;zoomControl=true&amp;allowEdit=false&amp;moreControl=true&amp;searchControl=null&amp;tilelayersControl=null&amp;embedControl=null&amp;datalayersControl=true&amp;onLoadPanel=undefined&amp;captionBar=false\"><\/iframe>\n<\/div>\n<\/div>\n\n\n\n<h2 class=\"wp-block-heading\">Se d\u00e9placer<\/h2>\n\n\n\n<h3 class=\"wp-block-heading\">Abonnement bus<\/h3>\n\n\n\n<div class=\"wp-block-columns is-layout-flex wp-container-core-columns-is-layout-9d6595d7 wp-block-columns-is-layout-flex\">\n<div class=\"wp-block-column is-layout-flow wp-block-column-is-layout-flow\" style=\"flex-basis:33.33%\">\n<div class=\"wp-block-image\"><figure class=\"aligncenter size-medium\"><img loading=\"lazy\" decoding=\"async\" width=\"300\" height=\"199\" src=\"https:\/\/escale-coloc.fr\/wp-content\/uploads\/2022\/03\/Mercedes_Citaro_G_C1_FaceLift_n\u00b0310__311_Gare_SNCF_STRAN-300x199.jpg\" alt=\"\" class=\"wp-image-222\" srcset=\"https:\/\/escale-coloc.fr\/wp-content\/uploads\/2022\/03\/Mercedes_Citaro_G_C1_FaceLift_n\u00b0310__311_Gare_SNCF_STRAN-300x199.jpg 300w, https:\/\/escale-coloc.fr\/wp-content\/uploads\/2022\/03\/Mercedes_Citaro_G_C1_FaceLift_n\u00b0310__311_Gare_SNCF_STRAN-1024x678.jpg 1024w, https:\/\/escale-coloc.fr\/wp-content\/uploads\/2022\/03\/Mercedes_Citaro_G_C1_FaceLift_n\u00b0310__311_Gare_SNCF_STRAN-768x509.jpg 768w, https:\/\/escale-coloc.fr\/wp-content\/uploads\/2022\/03\/Mercedes_Citaro_G_C1_FaceLift_n\u00b0310__311_Gare_SNCF_STRAN-1536x1017.jpg 1536w, https:\/\/escale-coloc.fr\/wp-content\/uploads\/2022\/03\/Mercedes_Citaro_G_C1_FaceLift_n\u00b0310__311_Gare_SNCF_STRAN-2048x1356.jpg 2048w, https:\/\/escale-coloc.fr\/wp-content\/uploads\/2022\/03\/Mercedes_Citaro_G_C1_FaceLift_n\u00b0310__311_Gare_SNCF_STRAN-930x620.jpg 930w\" sizes=\"auto, (max-width: 300px) 100vw, 300px\" \/><\/figure><\/div>\n<\/div>\n\n\n\n<div class=\"wp-block-column is-layout-flow wp-block-column-is-layout-flow\" style=\"flex-basis:66.66%\">\n<ul class=\"wp-block-list\" id=\"block-d20e07ae-ee90-40cc-9bc0-e23e0d629107\"><li>Arr\u00eats de bus :<ul><li>R\u00e9publique, 3min \u00e0 pied : 1 bus toutes les 10 minutes entre 5h30 et 23h<\/li><li>Albert de Mun, 2 min \u00e0 pied<\/li><\/ul><\/li><\/ul>\n\n\n\n<div class=\"wp-block-buttons is-content-justification-center is-layout-flex wp-container-core-buttons-is-layout-16018d1d wp-block-buttons-is-layout-flex\">\n<div class=\"wp-block-button is-style-primary\"><a class=\"wp-block-button__link\" href=\"https:\/\/www.stran.fr\" target=\"_blank\" rel=\"noreferrer noopener\">www.stran.fr<\/a><\/div>\n<\/div>\n<\/div>\n<\/div>\n\n\n\n<h3 class=\"wp-block-heading\">V\u00e9lo en location <\/h3>\n\n\n\n<div class=\"wp-block-columns is-layout-flex wp-container-core-columns-is-layout-9d6595d7 wp-block-columns-is-layout-flex\">\n<div class=\"wp-block-column is-layout-flow wp-block-column-is-layout-flow\" style=\"flex-basis:33.33%\">\n<div class=\"wp-block-image\"><figure class=\"aligncenter size-medium\"><img loading=\"lazy\" decoding=\"async\" width=\"300\" height=\"200\" src=\"https:\/\/escale-coloc.fr\/wp-content\/uploads\/2022\/03\/170327velyceo1200-300x200.jpeg\" alt=\"\" class=\"wp-image-223\" srcset=\"https:\/\/escale-coloc.fr\/wp-content\/uploads\/2022\/03\/170327velyceo1200-300x200.jpeg 300w, https:\/\/escale-coloc.fr\/wp-content\/uploads\/2022\/03\/170327velyceo1200-1024x683.jpeg 1024w, https:\/\/escale-coloc.fr\/wp-content\/uploads\/2022\/03\/170327velyceo1200-768x512.jpeg 768w, https:\/\/escale-coloc.fr\/wp-content\/uploads\/2022\/03\/170327velyceo1200-930x620.jpeg 930w, https:\/\/escale-coloc.fr\/wp-content\/uploads\/2022\/03\/170327velyceo1200.jpeg 1200w\" sizes=\"auto, (max-width: 300px) 100vw, 300px\" \/><\/figure><\/div>\n<\/div>\n\n\n\n<div class=\"wp-block-column is-layout-flow wp-block-column-is-layout-flow\" style=\"flex-basis:66.66%\">\n<p>V\u00e9lYc\u00e9o est un service public de&nbsp;<strong>location de v\u00e9lo<\/strong>&nbsp;cr\u00e9\u00e9 par&nbsp;la CARENE \u2013 SAINT-NAZAIRE AGGLOM\u00c9RATION et exploit\u00e9&nbsp;par la STRAN. Il vous permet de&nbsp;<strong>louer un v\u00e9lo, \u00e0 assistance \u00e9lectrique&nbsp;ou classique, tout \u00e9quip\u00e9, avec l\u2019entretien et l\u2019assistance inclus<\/strong><\/p>\n\n\n\n<div class=\"wp-block-buttons is-content-justification-center is-layout-flex wp-container-core-buttons-is-layout-16018d1d wp-block-buttons-is-layout-flex\">\n<div class=\"wp-block-button is-style-primary\"><a class=\"wp-block-button__link\" href=\"https:\/\/www.velyceo.com\/\" target=\"_blank\" rel=\"noreferrer noopener\">www.velyceo.com<\/a><\/div>\n<\/div>\n<\/div>\n<\/div>\n\n\n\n<h2 class=\"wp-block-heading\">Lieux festifs<\/h2>\n\n\n\n<div class=\"wp-block-columns is-layout-flex wp-container-core-columns-is-layout-9d6595d7 wp-block-columns-is-layout-flex\">\n<div class=\"wp-block-column is-layout-flow wp-block-column-is-layout-flow\" style=\"flex-basis:66.66%\">\n<ul class=\"wp-block-list\"><li>Place du commando, 16min \u00e0 pied : Bars et restaurants au bord de la plage<ul><li><a href=\"https:\/\/labaleinedeshydratee.com\/places\/saint-nazaire\" target=\"_blank\" rel=\"noreferrer noopener\">Bar La baleine d\u00e9shydrat\u00e9e<\/a><\/li><li><a href=\"https:\/\/www.restaurantlaplage.fr\/\" target=\"_blank\" rel=\"noreferrer noopener\">Restaurant La Plage<\/a><\/li><li><a href=\"https:\/\/www.barapom.com\/\" target=\"_blank\" rel=\"noreferrer noopener\">Cr\u00eaperie Barapom<\/a><\/li><li><a href=\"http:\/\/www.levip-saintnazaire.com\/\" target=\"_blank\" rel=\"noreferrer noopener\">Salle de concert le VIP<\/a><\/li><li>Et bien plus encore&#8230;<\/li><\/ul><\/li><\/ul>\n<\/div>\n\n\n\n<div class=\"wp-block-column is-layout-flow wp-block-column-is-layout-flow\" style=\"flex-basis:33.33%\">\n<div class=\"wp-block-image\"><figure class=\"aligncenter size-medium\"><img loading=\"lazy\" decoding=\"async\" width=\"300\" height=\"225\" src=\"https:\/\/escale-coloc.fr\/wp-content\/uploads\/2022\/03\/front-de-mer-7965-bauza-web-640x480-1-300x225.jpeg\" alt=\"\" class=\"wp-image-231\" srcset=\"https:\/\/escale-coloc.fr\/wp-content\/uploads\/2022\/03\/front-de-mer-7965-bauza-web-640x480-1-300x225.jpeg 300w, https:\/\/escale-coloc.fr\/wp-content\/uploads\/2022\/03\/front-de-mer-7965-bauza-web-640x480-1.jpeg 640w\" sizes=\"auto, (max-width: 300px) 100vw, 300px\" \/><\/figure><\/div>\n<\/div>\n<\/div>\n\n\n\n<h2 class=\"wp-block-heading\">Services \u00e0 proximit\u00e9<\/h2>\n\n\n\n<div class=\"wp-block-columns is-layout-flex wp-container-core-columns-is-layout-9d6595d7 wp-block-columns-is-layout-flex\">\n<div class=\"wp-block-column is-layout-flow wp-block-column-is-layout-flow\">\n<div class=\"wp-block-image\"><figure class=\"aligncenter size-medium is-resized\"><img decoding=\"async\" src=\"https:\/\/escale-coloc.fr\/wp-content\/uploads\/2022\/03\/bib-mediatheque-e-caux-300x225.jpeg\" alt=\"\" class=\"wp-image-233\" height=\"200\" srcset=\"https:\/\/escale-coloc.fr\/wp-content\/uploads\/2022\/03\/bib-mediatheque-e-caux-300x225.jpeg 300w, https:\/\/escale-coloc.fr\/wp-content\/uploads\/2022\/03\/bib-mediatheque-e-caux.jpeg 648w\" sizes=\"(max-width: 300px) 100vw, 300px\" \/><\/figure><\/div>\n\n\n\n<p class=\"has-text-align-center\">7min a pied<\/p>\n\n\n\n<div class=\"wp-block-buttons is-content-justification-center is-layout-flex wp-container-core-buttons-is-layout-16018d1d wp-block-buttons-is-layout-flex\">\n<div class=\"wp-block-button is-style-primary\"><a class=\"wp-block-button__link\" href=\"https:\/\/mediatheque.mairie-saintnazaire.fr\/\" target=\"_blank\" rel=\"noreferrer noopener\">M\u00e9diath\u00e8que<\/a><\/div>\n<\/div>\n<\/div>\n\n\n\n<div class=\"wp-block-column is-layout-flow wp-block-column-is-layout-flow\">\n<div class=\"wp-block-image\"><figure class=\"aligncenter size-medium is-resized\"><img decoding=\"async\" src=\"https:\/\/escale-coloc.fr\/wp-content\/uploads\/2022\/03\/aquaparc-pisince-a-vague-saint-nazaire2-300x225.jpg\" alt=\"\" class=\"wp-image-288\" height=\"200\" srcset=\"https:\/\/escale-coloc.fr\/wp-content\/uploads\/2022\/03\/aquaparc-pisince-a-vague-saint-nazaire2-300x225.jpg 300w, https:\/\/escale-coloc.fr\/wp-content\/uploads\/2022\/03\/aquaparc-pisince-a-vague-saint-nazaire2-1024x768.jpg 1024w, https:\/\/escale-coloc.fr\/wp-content\/uploads\/2022\/03\/aquaparc-pisince-a-vague-saint-nazaire2-768x576.jpg 768w, https:\/\/escale-coloc.fr\/wp-content\/uploads\/2022\/03\/aquaparc-pisince-a-vague-saint-nazaire2.jpg 1071w\" sizes=\"(max-width: 300px) 100vw, 300px\" \/><\/figure><\/div>\n\n\n\n<p class=\"has-text-align-center\">8min \u00e0 v\u00e9lo<\/p>\n\n\n\n<div class=\"wp-block-buttons is-content-justification-center is-layout-flex wp-container-core-buttons-is-layout-16018d1d wp-block-buttons-is-layout-flex\">\n<div class=\"wp-block-button is-style-primary\"><a class=\"wp-block-button__link\" href=\"https:\/\/piscines.agglo-carene.fr\/aquaparc-saint-nazaire.html\" target=\"_blank\" rel=\"noreferrer noopener\">Aquaparc<\/a><\/div>\n<\/div>\n<\/div>\n\n\n\n<div class=\"wp-block-column is-layout-flow wp-block-column-is-layout-flow\">\n<div class=\"wp-block-image\"><figure class=\"aligncenter size-medium is-resized\"><img decoding=\"async\" src=\"https:\/\/escale-coloc.fr\/wp-content\/uploads\/2022\/03\/P23959681D4350222G-300x225.jpeg\" alt=\"\" class=\"wp-image-235\" height=\"200\" srcset=\"https:\/\/escale-coloc.fr\/wp-content\/uploads\/2022\/03\/P23959681D4350222G-300x225.jpeg 300w, https:\/\/escale-coloc.fr\/wp-content\/uploads\/2022\/03\/P23959681D4350222G-768x576.jpeg 768w, https:\/\/escale-coloc.fr\/wp-content\/uploads\/2022\/03\/P23959681D4350222G.jpeg 1024w\" sizes=\"(max-width: 300px) 100vw, 300px\" \/><\/figure><\/div>\n\n\n\n<p class=\"has-text-align-center\">10min \u00e0 pied<\/p>\n\n\n\n<div class=\"wp-block-buttons is-content-justification-center is-layout-flex wp-container-core-buttons-is-layout-16018d1d wp-block-buttons-is-layout-flex\">\n<div class=\"wp-block-button is-style-primary\"><a class=\"wp-block-button__link\" href=\"https:\/\/www.saint-nazaire-tourisme.com\/\" target=\"_blank\" rel=\"noreferrer noopener\">Office de tourisme<\/a><\/div>\n<\/div>\n<\/div>\n<\/div>\n\n\n\n<p><\/p>\n","protected":false},"excerpt":{"rendered":"<p>Ecoles \u00e0 proximit\u00e9 CESI Ecole d&rsquo;ing\u00e9nieur, 3min \u00e0 pied : Campus Paquebot num\u00e9rique (ouverture en septembre 2022) ArgoVFX, 5min \u00e0 pied Ecole des Beaux Arts, 7min \u00e0 pied Lyc\u00e9e Aristide Briand, Classes pr\u00e9pa, 11min en bus IUT Campus Heinlex, 30min en bus Polytech, Campus Gavy : 30min en bus IFSI, Campus Gavy : 30min en&hellip;&nbsp;<a href=\"https:\/\/escale-coloc.fr\/index.php\/infos-pratiques\/\" class=\"\" rel=\"bookmark\">Lire la suite &raquo;<span class=\"screen-reader-text\">Infos pratiques<\/span><\/a><\/p>\n","protected":false},"author":1,"featured_media":152,"parent":0,"menu_order":0,"comment_status":"closed","ping_status":"closed","template":"","meta":{"neve_meta_sidebar":"","neve_meta_container":"","neve_meta_enable_content_width":"","neve_meta_content_width":0,"neve_meta_title_alignment":"","neve_meta_author_avatar":"","neve_post_elements_order":"","neve_meta_disable_header":"","neve_meta_disable_footer":"","neve_meta_disable_title":"","footnotes":""},"class_list":["post-18","page","type-page","status-publish","has-post-thumbnail","hentry"],"yoast_head":"<!-- This site is optimized with the Yoast SEO plugin v27.4 - https:\/\/yoast.com\/product\/yoast-seo-wordpress\/ -->\n<title>Infos pratiques - Escale coloc - Colocation ou location \u00e0 Saint-Nazaire (44600)<\/title>\n<meta name=\"robots\" content=\"index, follow, max-snippet:-1, max-image-preview:large, max-video-preview:-1\" \/>\n<link rel=\"canonical\" href=\"https:\/\/escale-coloc.fr\/index.php\/infos-pratiques\/\" \/>\n<meta property=\"og:locale\" content=\"fr_FR\" \/>\n<meta property=\"og:type\" content=\"article\" \/>\n<meta property=\"og:title\" content=\"Infos pratiques - Escale coloc - Colocation ou location \u00e0 Saint-Nazaire (44600)\" \/>\n<meta property=\"og:description\" content=\"Ecoles \u00e0 proximit\u00e9 CESI Ecole d&rsquo;ing\u00e9nieur, 3min \u00e0 pied : Campus Paquebot num\u00e9rique (ouverture en septembre 2022) ArgoVFX, 5min \u00e0 pied Ecole des Beaux Arts, 7min \u00e0 pied Lyc\u00e9e Aristide Briand, Classes pr\u00e9pa, 11min en bus IUT Campus Heinlex, 30min en bus Polytech, Campus Gavy : 30min en bus IFSI, Campus Gavy : 30min en&hellip;&nbsp;Lire la suite &raquo;Infos pratiques\" \/>\n<meta property=\"og:url\" content=\"https:\/\/escale-coloc.fr\/index.php\/infos-pratiques\/\" \/>\n<meta property=\"og:site_name\" content=\"Escale coloc - Colocation ou location \u00e0 Saint-Nazaire (44600)\" \/>\n<meta property=\"article:modified_time\" content=\"2022-03-31T06:13:46+00:00\" \/>\n<meta property=\"og:image\" content=\"https:\/\/escale-coloc.fr\/wp-content\/uploads\/2022\/03\/rue.jpg\" \/>\n\t<meta property=\"og:image:width\" content=\"1477\" \/>\n\t<meta property=\"og:image:height\" content=\"431\" \/>\n\t<meta property=\"og:image:type\" content=\"image\/jpeg\" \/>\n<meta name=\"twitter:card\" content=\"summary_large_image\" \/>\n<meta name=\"twitter:label1\" content=\"Dur\u00e9e de lecture estim\u00e9e\" \/>\n\t<meta name=\"twitter:data1\" content=\"3 minutes\" \/>\n<script type=\"application\/ld+json\" class=\"yoast-schema-graph\">{\"@context\":\"https:\\\/\\\/schema.org\",\"@graph\":[{\"@type\":\"WebPage\",\"@id\":\"https:\\\/\\\/escale-coloc.fr\\\/index.php\\\/infos-pratiques\\\/\",\"url\":\"https:\\\/\\\/escale-coloc.fr\\\/index.php\\\/infos-pratiques\\\/\",\"name\":\"Infos pratiques - Escale coloc - Colocation ou location \u00e0 Saint-Nazaire (44600)\",\"isPartOf\":{\"@id\":\"https:\\\/\\\/escale-coloc.fr\\\/#website\"},\"primaryImageOfPage\":{\"@id\":\"https:\\\/\\\/escale-coloc.fr\\\/index.php\\\/infos-pratiques\\\/#primaryimage\"},\"image\":{\"@id\":\"https:\\\/\\\/escale-coloc.fr\\\/index.php\\\/infos-pratiques\\\/#primaryimage\"},\"thumbnailUrl\":\"https:\\\/\\\/escale-coloc.fr\\\/wp-content\\\/uploads\\\/2022\\\/03\\\/rue.jpg\",\"datePublished\":\"2022-02-08T15:54:59+00:00\",\"dateModified\":\"2022-03-31T06:13:46+00:00\",\"breadcrumb\":{\"@id\":\"https:\\\/\\\/escale-coloc.fr\\\/index.php\\\/infos-pratiques\\\/#breadcrumb\"},\"inLanguage\":\"fr-FR\",\"potentialAction\":[{\"@type\":\"ReadAction\",\"target\":[\"https:\\\/\\\/escale-coloc.fr\\\/index.php\\\/infos-pratiques\\\/\"]}]},{\"@type\":\"ImageObject\",\"inLanguage\":\"fr-FR\",\"@id\":\"https:\\\/\\\/escale-coloc.fr\\\/index.php\\\/infos-pratiques\\\/#primaryimage\",\"url\":\"https:\\\/\\\/escale-coloc.fr\\\/wp-content\\\/uploads\\\/2022\\\/03\\\/rue.jpg\",\"contentUrl\":\"https:\\\/\\\/escale-coloc.fr\\\/wp-content\\\/uploads\\\/2022\\\/03\\\/rue.jpg\",\"width\":1477,\"height\":431},{\"@type\":\"BreadcrumbList\",\"@id\":\"https:\\\/\\\/escale-coloc.fr\\\/index.php\\\/infos-pratiques\\\/#breadcrumb\",\"itemListElement\":[{\"@type\":\"ListItem\",\"position\":1,\"name\":\"Accueil\",\"item\":\"https:\\\/\\\/escale-coloc.fr\\\/\"},{\"@type\":\"ListItem\",\"position\":2,\"name\":\"Infos pratiques\"}]},{\"@type\":\"WebSite\",\"@id\":\"https:\\\/\\\/escale-coloc.fr\\\/#website\",\"url\":\"https:\\\/\\\/escale-coloc.fr\\\/\",\"name\":\"Escale coloc - Colocation ou location \u00e0 Saint-Nazaire (44600)\",\"description\":\"Votre future colocation ou location \u00e0 Saint-Nazaire\",\"publisher\":{\"@id\":\"https:\\\/\\\/escale-coloc.fr\\\/#organization\"},\"potentialAction\":[{\"@type\":\"SearchAction\",\"target\":{\"@type\":\"EntryPoint\",\"urlTemplate\":\"https:\\\/\\\/escale-coloc.fr\\\/?s={search_term_string}\"},\"query-input\":{\"@type\":\"PropertyValueSpecification\",\"valueRequired\":true,\"valueName\":\"search_term_string\"}}],\"inLanguage\":\"fr-FR\"},{\"@type\":\"Organization\",\"@id\":\"https:\\\/\\\/escale-coloc.fr\\\/#organization\",\"name\":\"Escale coloc\",\"url\":\"https:\\\/\\\/escale-coloc.fr\\\/\",\"logo\":{\"@type\":\"ImageObject\",\"inLanguage\":\"fr-FR\",\"@id\":\"https:\\\/\\\/escale-coloc.fr\\\/#\\\/schema\\\/logo\\\/image\\\/\",\"url\":\"https:\\\/\\\/escale-coloc.fr\\\/wp-content\\\/uploads\\\/2022\\\/02\\\/logov3.png\",\"contentUrl\":\"https:\\\/\\\/escale-coloc.fr\\\/wp-content\\\/uploads\\\/2022\\\/02\\\/logov3.png\",\"width\":1453,\"height\":585,\"caption\":\"Escale coloc\"},\"image\":{\"@id\":\"https:\\\/\\\/escale-coloc.fr\\\/#\\\/schema\\\/logo\\\/image\\\/\"}}]}<\/script>\n<!-- \/ Yoast SEO plugin. -->","yoast_head_json":{"title":"Infos pratiques - Escale coloc - Colocation ou location \u00e0 Saint-Nazaire (44600)","robots":{"index":"index","follow":"follow","max-snippet":"max-snippet:-1","max-image-preview":"max-image-preview:large","max-video-preview":"max-video-preview:-1"},"canonical":"https:\/\/escale-coloc.fr\/index.php\/infos-pratiques\/","og_locale":"fr_FR","og_type":"article","og_title":"Infos pratiques - Escale coloc - Colocation ou location \u00e0 Saint-Nazaire (44600)","og_description":"Ecoles \u00e0 proximit\u00e9 CESI Ecole d&rsquo;ing\u00e9nieur, 3min \u00e0 pied : Campus Paquebot num\u00e9rique (ouverture en septembre 2022) ArgoVFX, 5min \u00e0 pied Ecole des Beaux Arts, 7min \u00e0 pied Lyc\u00e9e Aristide Briand, Classes pr\u00e9pa, 11min en bus IUT Campus Heinlex, 30min en bus Polytech, Campus Gavy : 30min en bus IFSI, Campus Gavy : 30min en&hellip;&nbsp;Lire la suite &raquo;Infos pratiques","og_url":"https:\/\/escale-coloc.fr\/index.php\/infos-pratiques\/","og_site_name":"Escale coloc - Colocation ou location \u00e0 Saint-Nazaire (44600)","article_modified_time":"2022-03-31T06:13:46+00:00","og_image":[{"width":1477,"height":431,"url":"https:\/\/escale-coloc.fr\/wp-content\/uploads\/2022\/03\/rue.jpg","type":"image\/jpeg"}],"twitter_card":"summary_large_image","twitter_misc":{"Dur\u00e9e de lecture estim\u00e9e":"3 minutes"},"schema":{"@context":"https:\/\/schema.org","@graph":[{"@type":"WebPage","@id":"https:\/\/escale-coloc.fr\/index.php\/infos-pratiques\/","url":"https:\/\/escale-coloc.fr\/index.php\/infos-pratiques\/","name":"Infos pratiques - Escale coloc - Colocation ou location \u00e0 Saint-Nazaire (44600)","isPartOf":{"@id":"https:\/\/escale-coloc.fr\/#website"},"primaryImageOfPage":{"@id":"https:\/\/escale-coloc.fr\/index.php\/infos-pratiques\/#primaryimage"},"image":{"@id":"https:\/\/escale-coloc.fr\/index.php\/infos-pratiques\/#primaryimage"},"thumbnailUrl":"https:\/\/escale-coloc.fr\/wp-content\/uploads\/2022\/03\/rue.jpg","datePublished":"2022-02-08T15:54:59+00:00","dateModified":"2022-03-31T06:13:46+00:00","breadcrumb":{"@id":"https:\/\/escale-coloc.fr\/index.php\/infos-pratiques\/#breadcrumb"},"inLanguage":"fr-FR","potentialAction":[{"@type":"ReadAction","target":["https:\/\/escale-coloc.fr\/index.php\/infos-pratiques\/"]}]},{"@type":"ImageObject","inLanguage":"fr-FR","@id":"https:\/\/escale-coloc.fr\/index.php\/infos-pratiques\/#primaryimage","url":"https:\/\/escale-coloc.fr\/wp-content\/uploads\/2022\/03\/rue.jpg","contentUrl":"https:\/\/escale-coloc.fr\/wp-content\/uploads\/2022\/03\/rue.jpg","width":1477,"height":431},{"@type":"BreadcrumbList","@id":"https:\/\/escale-coloc.fr\/index.php\/infos-pratiques\/#breadcrumb","itemListElement":[{"@type":"ListItem","position":1,"name":"Accueil","item":"https:\/\/escale-coloc.fr\/"},{"@type":"ListItem","position":2,"name":"Infos pratiques"}]},{"@type":"WebSite","@id":"https:\/\/escale-coloc.fr\/#website","url":"https:\/\/escale-coloc.fr\/","name":"Escale coloc - Colocation ou location \u00e0 Saint-Nazaire (44600)","description":"Votre future colocation ou location \u00e0 Saint-Nazaire","publisher":{"@id":"https:\/\/escale-coloc.fr\/#organization"},"potentialAction":[{"@type":"SearchAction","target":{"@type":"EntryPoint","urlTemplate":"https:\/\/escale-coloc.fr\/?s={search_term_string}"},"query-input":{"@type":"PropertyValueSpecification","valueRequired":true,"valueName":"search_term_string"}}],"inLanguage":"fr-FR"},{"@type":"Organization","@id":"https:\/\/escale-coloc.fr\/#organization","name":"Escale coloc","url":"https:\/\/escale-coloc.fr\/","logo":{"@type":"ImageObject","inLanguage":"fr-FR","@id":"https:\/\/escale-coloc.fr\/#\/schema\/logo\/image\/","url":"https:\/\/escale-coloc.fr\/wp-content\/uploads\/2022\/02\/logov3.png","contentUrl":"https:\/\/escale-coloc.fr\/wp-content\/uploads\/2022\/02\/logov3.png","width":1453,"height":585,"caption":"Escale coloc"},"image":{"@id":"https:\/\/escale-coloc.fr\/#\/schema\/logo\/image\/"}}]}},"_links":{"self":[{"href":"https:\/\/escale-coloc.fr\/index.php\/wp-json\/wp\/v2\/pages\/18","targetHints":{"allow":["GET"]}}],"collection":[{"href":"https:\/\/escale-coloc.fr\/index.php\/wp-json\/wp\/v2\/pages"}],"about":[{"href":"https:\/\/escale-coloc.fr\/index.php\/wp-json\/wp\/v2\/types\/page"}],"author":[{"embeddable":true,"href":"https:\/\/escale-coloc.fr\/index.php\/wp-json\/wp\/v2\/users\/1"}],"replies":[{"embeddable":true,"href":"https:\/\/escale-coloc.fr\/index.php\/wp-json\/wp\/v2\/comments?post=18"}],"version-history":[{"count":13,"href":"https:\/\/escale-coloc.fr\/index.php\/wp-json\/wp\/v2\/pages\/18\/revisions"}],"predecessor-version":[{"id":289,"href":"https:\/\/escale-coloc.fr\/index.php\/wp-json\/wp\/v2\/pages\/18\/revisions\/289"}],"wp:featuredmedia":[{"embeddable":true,"href":"https:\/\/escale-coloc.fr\/index.php\/wp-json\/wp\/v2\/media\/152"}],"wp:attachment":[{"href":"https:\/\/escale-coloc.fr\/index.php\/wp-json\/wp\/v2\/media?parent=18"}],"curies":[{"name":"wp","href":"https:\/\/api.w.org\/{rel}","templated":true}]}}