{"id":17,"date":"2022-02-08T16:54:59","date_gmt":"2022-02-08T15:54:59","guid":{"rendered":"http:\/\/bjuvsue.cluster031.hosting.ovh.net\/?page_id=17"},"modified":"2022-05-23T19:02:02","modified_gmt":"2022-05-23T17:02:02","slug":"contact","status":"publish","type":"page","link":"https:\/\/escale-coloc.fr\/index.php\/contact\/","title":{"rendered":"Contact"},"content":{"rendered":"\n<h2 class=\"wp-block-heading\">Inscription colocation<\/h2>\n\n\n\n<div class=\"wp-block-columns is-layout-flex wp-container-core-columns-is-layout-9d6595d7 wp-block-columns-is-layout-flex\">\n<div class=\"wp-block-column is-layout-flow wp-block-column-is-layout-flow\" style=\"flex-basis:100%\">\n<div class=\"wp-block-group\"><div class=\"wp-block-group__inner-container is-layout-flow wp-block-group-is-layout-flow\">\n<div class=\"wp-block-columns is-layout-flex wp-container-core-columns-is-layout-9d6595d7 wp-block-columns-is-layout-flex\">\n<div class=\"wp-block-column is-layout-flow wp-block-column-is-layout-flow\">\n<figure class=\"wp-block-image size-medium\"><img loading=\"lazy\" decoding=\"async\" width=\"300\" height=\"121\" src=\"https:\/\/escale-coloc.fr\/wp-content\/uploads\/2022\/02\/logov3-300x121.png\" alt=\"\" class=\"wp-image-8\" srcset=\"https:\/\/escale-coloc.fr\/wp-content\/uploads\/2022\/02\/logov3-300x121.png 300w, https:\/\/escale-coloc.fr\/wp-content\/uploads\/2022\/02\/logov3-1024x412.png 1024w, https:\/\/escale-coloc.fr\/wp-content\/uploads\/2022\/02\/logov3-768x309.png 768w, https:\/\/escale-coloc.fr\/wp-content\/uploads\/2022\/02\/logov3.png 1453w\" sizes=\"auto, (max-width: 300px) 100vw, 300px\" \/><\/figure>\n<\/div>\n\n\n\n<div class=\"wp-block-column is-layout-flow wp-block-column-is-layout-flow\">\n<p>Si vous souhaitez rentrer en contact avec d&rsquo;autres personnes int\u00e9ress\u00e9es par la colocation, vous pouvez rejoindre le groupe facebook <\/p>\n\n\n\n<div class=\"wp-block-buttons is-content-justification-center is-layout-flex wp-container-core-buttons-is-layout-16018d1d wp-block-buttons-is-layout-flex\">\n<div class=\"wp-block-button is-style-primary\"><a class=\"wp-block-button__link\" href=\"https:\/\/www.facebook.com\/groups\/817195442538069\/?ref=invite_via_link&amp;invite_short_link_key=g%2F3K3bCXHDX%2F4PEnA7R8\" target=\"_blank\" rel=\"noreferrer noopener\">Rejoindre le groupe facebook d&rsquo;inscription<\/a><\/div>\n<\/div>\n<\/div>\n<\/div>\n<\/div><\/div>\n\n\n\n<h2 class=\"wp-block-heading\">Questions compl\u00e9mentaires<\/h2>\n\n\n\n<p>Pour toutes autres questions, laissez un message \u00e0 Vincent via ce formulaire ou par t\u00e9l\u00e9phone au <a href=\"tel:0663782816\">06 63 78 28 16<\/a><\/p>\n<\/div>\n<\/div>\n\n\n\n<div class=\"wp-block-columns is-layout-flex wp-container-core-columns-is-layout-9d6595d7 wp-block-columns-is-layout-flex\">\n<div class=\"wp-block-column is-layout-flow wp-block-column-is-layout-flow\" style=\"flex-basis:66.66%\">\n<figure class=\"wp-block-image size-full\"><img loading=\"lazy\" decoding=\"async\" width=\"683\" height=\"817\" src=\"https:\/\/escale-coloc.fr\/wp-content\/uploads\/2022\/03\/fac\u0327ade-683x1024-1.jpg\" alt=\"\" class=\"wp-image-101\" srcset=\"https:\/\/escale-coloc.fr\/wp-content\/uploads\/2022\/03\/fac\u0327ade-683x1024-1.jpg 683w, https:\/\/escale-coloc.fr\/wp-content\/uploads\/2022\/03\/fac\u0327ade-683x1024-1-251x300.jpg 251w\" sizes=\"auto, (max-width: 683px) 100vw, 683px\" \/><\/figure>\n<\/div>\n\n\n\n<div class=\"wp-block-column is-layout-flow wp-block-column-is-layout-flow\" style=\"flex-basis:33.33%\">\n<div class=\"wp-block-contact-form-7-contact-form-selector\"><div role=\"form\" class=\"wpcf7\" id=\"wpcf7-f155-o1\" lang=\"fr-FR\" dir=\"ltr\">\n<div class=\"screen-reader-response\"><p role=\"status\" aria-live=\"polite\" aria-atomic=\"true\"><\/p> <ul><\/ul><\/div>\n<form action=\"\/index.php\/wp-json\/wp\/v2\/pages\/17#wpcf7-f155-o1\" method=\"post\" class=\"wpcf7-form init\" novalidate=\"novalidate\" data-status=\"init\">\n<div style=\"display: none;\">\n<input type=\"hidden\" name=\"_wpcf7\" value=\"155\" \/>\n<input type=\"hidden\" name=\"_wpcf7_version\" value=\"5.5.6\" \/>\n<input type=\"hidden\" name=\"_wpcf7_locale\" value=\"fr_FR\" \/>\n<input type=\"hidden\" name=\"_wpcf7_unit_tag\" value=\"wpcf7-f155-o1\" \/>\n<input type=\"hidden\" name=\"_wpcf7_container_post\" value=\"0\" \/>\n<input type=\"hidden\" name=\"_wpcf7_posted_data_hash\" value=\"\" \/>\n<\/div>\n<p><label> Votre nom<br \/>\n    <span class=\"wpcf7-form-control-wrap your-name\"><input type=\"text\" name=\"your-name\" value=\"\" size=\"40\" class=\"wpcf7-form-control wpcf7-text wpcf7-validates-as-required\" aria-required=\"true\" aria-invalid=\"false\" \/><\/span> <\/label><\/p>\n<p><label> Votre e-mail<br \/>\n    <span class=\"wpcf7-form-control-wrap your-email\"><input type=\"email\" name=\"your-email\" value=\"\" size=\"40\" class=\"wpcf7-form-control wpcf7-text wpcf7-email wpcf7-validates-as-required wpcf7-validates-as-email\" aria-required=\"true\" aria-invalid=\"false\" \/><\/span> <\/label><\/p>\n<p><label> Objet<br \/>\n    <span class=\"wpcf7-form-control-wrap your-subject\"><input type=\"text\" name=\"your-subject\" value=\"\" size=\"40\" class=\"wpcf7-form-control wpcf7-text wpcf7-validates-as-required\" aria-required=\"true\" aria-invalid=\"false\" \/><\/span> <\/label><\/p>\n<p><label> Votre message<br \/>\n    <span class=\"wpcf7-form-control-wrap your-message\"><textarea name=\"your-message\" cols=\"40\" rows=\"10\" class=\"wpcf7-form-control wpcf7-textarea wpcf7-validates-as-required\" aria-required=\"true\" aria-invalid=\"false\"><\/textarea><\/span> <\/label><\/p>\n<p><input type=\"submit\" value=\"Envoyer\" class=\"wpcf7-form-control has-spinner wpcf7-submit\" \/><\/p>\n<div class=\"wpcf7-response-output\" aria-hidden=\"true\"><\/div><\/form><\/div><\/div>\n<\/div>\n<\/div>\n\n\n\n<p><\/p>\n","protected":false},"excerpt":{"rendered":"<p>Inscription colocation Si vous souhaitez rentrer en contact avec d&rsquo;autres personnes int\u00e9ress\u00e9es par la colocation, vous pouvez rejoindre le groupe facebook Questions compl\u00e9mentaires Pour toutes autres questions, laissez un message \u00e0 Vincent via ce formulaire ou par t\u00e9l\u00e9phone au 06 63 78 28 16<\/p>\n","protected":false},"author":1,"featured_media":46,"parent":0,"menu_order":0,"comment_status":"closed","ping_status":"closed","template":"","meta":{"neve_meta_sidebar":"","neve_meta_container":"","neve_meta_enable_content_width":"","neve_meta_content_width":0,"neve_meta_title_alignment":"","neve_meta_author_avatar":"","neve_post_elements_order":"","neve_meta_disable_header":"","neve_meta_disable_footer":"","neve_meta_disable_title":"","footnotes":""},"class_list":["post-17","page","type-page","status-publish","has-post-thumbnail","hentry"],"yoast_head":"<!-- This site is optimized with the Yoast SEO plugin v27.4 - https:\/\/yoast.com\/product\/yoast-seo-wordpress\/ -->\n<title>Contact - Escale coloc - Colocation ou location \u00e0 Saint-Nazaire (44600)<\/title>\n<meta name=\"robots\" content=\"index, follow, max-snippet:-1, max-image-preview:large, max-video-preview:-1\" \/>\n<link rel=\"canonical\" href=\"https:\/\/escale-coloc.fr\/index.php\/contact\/\" \/>\n<meta property=\"og:locale\" content=\"fr_FR\" \/>\n<meta property=\"og:type\" content=\"article\" \/>\n<meta property=\"og:title\" content=\"Contact - Escale coloc - Colocation ou location \u00e0 Saint-Nazaire (44600)\" \/>\n<meta property=\"og:description\" content=\"Inscription colocation Si vous souhaitez rentrer en contact avec d&rsquo;autres personnes int\u00e9ress\u00e9es par la colocation, vous pouvez rejoindre le groupe facebook Questions compl\u00e9mentaires Pour toutes autres questions, laissez un message \u00e0 Vincent via ce formulaire ou par t\u00e9l\u00e9phone au 06 63 78 28 16\" \/>\n<meta property=\"og:url\" content=\"https:\/\/escale-coloc.fr\/index.php\/contact\/\" \/>\n<meta property=\"og:site_name\" content=\"Escale coloc - Colocation ou location \u00e0 Saint-Nazaire (44600)\" \/>\n<meta property=\"article:modified_time\" content=\"2022-05-23T17:02:02+00:00\" \/>\n<meta property=\"og:image\" content=\"https:\/\/escale-coloc.fr\/wp-content\/uploads\/2022\/03\/Salon-scaled.jpg\" \/>\n\t<meta property=\"og:image:width\" content=\"2560\" \/>\n\t<meta property=\"og:image:height\" content=\"796\" \/>\n\t<meta property=\"og:image:type\" content=\"image\/jpeg\" \/>\n<meta name=\"twitter:card\" content=\"summary_large_image\" \/>\n<meta name=\"twitter:label1\" content=\"Dur\u00e9e de lecture estim\u00e9e\" \/>\n\t<meta name=\"twitter:data1\" content=\"1 minute\" \/>\n<script type=\"application\/ld+json\" class=\"yoast-schema-graph\">{\"@context\":\"https:\\\/\\\/schema.org\",\"@graph\":[{\"@type\":\"WebPage\",\"@id\":\"https:\\\/\\\/escale-coloc.fr\\\/index.php\\\/contact\\\/\",\"url\":\"https:\\\/\\\/escale-coloc.fr\\\/index.php\\\/contact\\\/\",\"name\":\"Contact - Escale coloc - Colocation ou location \u00e0 Saint-Nazaire (44600)\",\"isPartOf\":{\"@id\":\"https:\\\/\\\/escale-coloc.fr\\\/#website\"},\"primaryImageOfPage\":{\"@id\":\"https:\\\/\\\/escale-coloc.fr\\\/index.php\\\/contact\\\/#primaryimage\"},\"image\":{\"@id\":\"https:\\\/\\\/escale-coloc.fr\\\/index.php\\\/contact\\\/#primaryimage\"},\"thumbnailUrl\":\"https:\\\/\\\/escale-coloc.fr\\\/wp-content\\\/uploads\\\/2022\\\/03\\\/Salon-scaled.jpg\",\"datePublished\":\"2022-02-08T15:54:59+00:00\",\"dateModified\":\"2022-05-23T17:02:02+00:00\",\"breadcrumb\":{\"@id\":\"https:\\\/\\\/escale-coloc.fr\\\/index.php\\\/contact\\\/#breadcrumb\"},\"inLanguage\":\"fr-FR\",\"potentialAction\":[{\"@type\":\"ReadAction\",\"target\":[\"https:\\\/\\\/escale-coloc.fr\\\/index.php\\\/contact\\\/\"]}]},{\"@type\":\"ImageObject\",\"inLanguage\":\"fr-FR\",\"@id\":\"https:\\\/\\\/escale-coloc.fr\\\/index.php\\\/contact\\\/#primaryimage\",\"url\":\"https:\\\/\\\/escale-coloc.fr\\\/wp-content\\\/uploads\\\/2022\\\/03\\\/Salon-scaled.jpg\",\"contentUrl\":\"https:\\\/\\\/escale-coloc.fr\\\/wp-content\\\/uploads\\\/2022\\\/03\\\/Salon-scaled.jpg\",\"width\":2560,\"height\":796},{\"@type\":\"BreadcrumbList\",\"@id\":\"https:\\\/\\\/escale-coloc.fr\\\/index.php\\\/contact\\\/#breadcrumb\",\"itemListElement\":[{\"@type\":\"ListItem\",\"position\":1,\"name\":\"Accueil\",\"item\":\"https:\\\/\\\/escale-coloc.fr\\\/\"},{\"@type\":\"ListItem\",\"position\":2,\"name\":\"Contact\"}]},{\"@type\":\"WebSite\",\"@id\":\"https:\\\/\\\/escale-coloc.fr\\\/#website\",\"url\":\"https:\\\/\\\/escale-coloc.fr\\\/\",\"name\":\"Escale coloc - Colocation ou location \u00e0 Saint-Nazaire (44600)\",\"description\":\"Votre future colocation ou location \u00e0 Saint-Nazaire\",\"publisher\":{\"@id\":\"https:\\\/\\\/escale-coloc.fr\\\/#organization\"},\"potentialAction\":[{\"@type\":\"SearchAction\",\"target\":{\"@type\":\"EntryPoint\",\"urlTemplate\":\"https:\\\/\\\/escale-coloc.fr\\\/?s={search_term_string}\"},\"query-input\":{\"@type\":\"PropertyValueSpecification\",\"valueRequired\":true,\"valueName\":\"search_term_string\"}}],\"inLanguage\":\"fr-FR\"},{\"@type\":\"Organization\",\"@id\":\"https:\\\/\\\/escale-coloc.fr\\\/#organization\",\"name\":\"Escale coloc\",\"url\":\"https:\\\/\\\/escale-coloc.fr\\\/\",\"logo\":{\"@type\":\"ImageObject\",\"inLanguage\":\"fr-FR\",\"@id\":\"https:\\\/\\\/escale-coloc.fr\\\/#\\\/schema\\\/logo\\\/image\\\/\",\"url\":\"https:\\\/\\\/escale-coloc.fr\\\/wp-content\\\/uploads\\\/2022\\\/02\\\/logov3.png\",\"contentUrl\":\"https:\\\/\\\/escale-coloc.fr\\\/wp-content\\\/uploads\\\/2022\\\/02\\\/logov3.png\",\"width\":1453,\"height\":585,\"caption\":\"Escale coloc\"},\"image\":{\"@id\":\"https:\\\/\\\/escale-coloc.fr\\\/#\\\/schema\\\/logo\\\/image\\\/\"}}]}<\/script>\n<!-- \/ Yoast SEO plugin. -->","yoast_head_json":{"title":"Contact - Escale coloc - Colocation ou location \u00e0 Saint-Nazaire (44600)","robots":{"index":"index","follow":"follow","max-snippet":"max-snippet:-1","max-image-preview":"max-image-preview:large","max-video-preview":"max-video-preview:-1"},"canonical":"https:\/\/escale-coloc.fr\/index.php\/contact\/","og_locale":"fr_FR","og_type":"article","og_title":"Contact - Escale coloc - Colocation ou location \u00e0 Saint-Nazaire (44600)","og_description":"Inscription colocation Si vous souhaitez rentrer en contact avec d&rsquo;autres personnes int\u00e9ress\u00e9es par la colocation, vous pouvez rejoindre le groupe facebook Questions compl\u00e9mentaires Pour toutes autres questions, laissez un message \u00e0 Vincent via ce formulaire ou par t\u00e9l\u00e9phone au 06 63 78 28 16","og_url":"https:\/\/escale-coloc.fr\/index.php\/contact\/","og_site_name":"Escale coloc - Colocation ou location \u00e0 Saint-Nazaire (44600)","article_modified_time":"2022-05-23T17:02:02+00:00","og_image":[{"width":2560,"height":796,"url":"https:\/\/escale-coloc.fr\/wp-content\/uploads\/2022\/03\/Salon-scaled.jpg","type":"image\/jpeg"}],"twitter_card":"summary_large_image","twitter_misc":{"Dur\u00e9e de lecture estim\u00e9e":"1 minute"},"schema":{"@context":"https:\/\/schema.org","@graph":[{"@type":"WebPage","@id":"https:\/\/escale-coloc.fr\/index.php\/contact\/","url":"https:\/\/escale-coloc.fr\/index.php\/contact\/","name":"Contact - Escale coloc - Colocation ou location \u00e0 Saint-Nazaire (44600)","isPartOf":{"@id":"https:\/\/escale-coloc.fr\/#website"},"primaryImageOfPage":{"@id":"https:\/\/escale-coloc.fr\/index.php\/contact\/#primaryimage"},"image":{"@id":"https:\/\/escale-coloc.fr\/index.php\/contact\/#primaryimage"},"thumbnailUrl":"https:\/\/escale-coloc.fr\/wp-content\/uploads\/2022\/03\/Salon-scaled.jpg","datePublished":"2022-02-08T15:54:59+00:00","dateModified":"2022-05-23T17:02:02+00:00","breadcrumb":{"@id":"https:\/\/escale-coloc.fr\/index.php\/contact\/#breadcrumb"},"inLanguage":"fr-FR","potentialAction":[{"@type":"ReadAction","target":["https:\/\/escale-coloc.fr\/index.php\/contact\/"]}]},{"@type":"ImageObject","inLanguage":"fr-FR","@id":"https:\/\/escale-coloc.fr\/index.php\/contact\/#primaryimage","url":"https:\/\/escale-coloc.fr\/wp-content\/uploads\/2022\/03\/Salon-scaled.jpg","contentUrl":"https:\/\/escale-coloc.fr\/wp-content\/uploads\/2022\/03\/Salon-scaled.jpg","width":2560,"height":796},{"@type":"BreadcrumbList","@id":"https:\/\/escale-coloc.fr\/index.php\/contact\/#breadcrumb","itemListElement":[{"@type":"ListItem","position":1,"name":"Accueil","item":"https:\/\/escale-coloc.fr\/"},{"@type":"ListItem","position":2,"name":"Contact"}]},{"@type":"WebSite","@id":"https:\/\/escale-coloc.fr\/#website","url":"https:\/\/escale-coloc.fr\/","name":"Escale coloc - Colocation ou location \u00e0 Saint-Nazaire (44600)","description":"Votre future colocation ou location \u00e0 Saint-Nazaire","publisher":{"@id":"https:\/\/escale-coloc.fr\/#organization"},"potentialAction":[{"@type":"SearchAction","target":{"@type":"EntryPoint","urlTemplate":"https:\/\/escale-coloc.fr\/?s={search_term_string}"},"query-input":{"@type":"PropertyValueSpecification","valueRequired":true,"valueName":"search_term_string"}}],"inLanguage":"fr-FR"},{"@type":"Organization","@id":"https:\/\/escale-coloc.fr\/#organization","name":"Escale coloc","url":"https:\/\/escale-coloc.fr\/","logo":{"@type":"ImageObject","inLanguage":"fr-FR","@id":"https:\/\/escale-coloc.fr\/#\/schema\/logo\/image\/","url":"https:\/\/escale-coloc.fr\/wp-content\/uploads\/2022\/02\/logov3.png","contentUrl":"https:\/\/escale-coloc.fr\/wp-content\/uploads\/2022\/02\/logov3.png","width":1453,"height":585,"caption":"Escale coloc"},"image":{"@id":"https:\/\/escale-coloc.fr\/#\/schema\/logo\/image\/"}}]}},"_links":{"self":[{"href":"https:\/\/escale-coloc.fr\/index.php\/wp-json\/wp\/v2\/pages\/17","targetHints":{"allow":["GET"]}}],"collection":[{"href":"https:\/\/escale-coloc.fr\/index.php\/wp-json\/wp\/v2\/pages"}],"about":[{"href":"https:\/\/escale-coloc.fr\/index.php\/wp-json\/wp\/v2\/types\/page"}],"author":[{"embeddable":true,"href":"https:\/\/escale-coloc.fr\/index.php\/wp-json\/wp\/v2\/users\/1"}],"replies":[{"embeddable":true,"href":"https:\/\/escale-coloc.fr\/index.php\/wp-json\/wp\/v2\/comments?post=17"}],"version-history":[{"count":13,"href":"https:\/\/escale-coloc.fr\/index.php\/wp-json\/wp\/v2\/pages\/17\/revisions"}],"predecessor-version":[{"id":301,"href":"https:\/\/escale-coloc.fr\/index.php\/wp-json\/wp\/v2\/pages\/17\/revisions\/301"}],"wp:featuredmedia":[{"embeddable":true,"href":"https:\/\/escale-coloc.fr\/index.php\/wp-json\/wp\/v2\/media\/46"}],"wp:attachment":[{"href":"https:\/\/escale-coloc.fr\/index.php\/wp-json\/wp\/v2\/media?parent=17"}],"curies":[{"name":"wp","href":"https:\/\/api.w.org\/{rel}","templated":true}]}}