{"id":15,"date":"2022-02-08T16:54:59","date_gmt":"2022-02-08T15:54:59","guid":{"rendered":"http:\/\/bjuvsue.cluster031.hosting.ovh.net\/?page_id=15"},"modified":"2022-09-05T14:53:42","modified_gmt":"2022-09-05T12:53:42","slug":"duplex-etudiant-colocation-saint-nazaire","status":"publish","type":"page","link":"https:\/\/escale-coloc.fr\/index.php\/duplex-etudiant-colocation-saint-nazaire\/","title":{"rendered":"Le duplex"},"content":{"rendered":"\n<div class=\"wp-block-columns is-layout-flex wp-container-core-columns-is-layout-9d6595d7 wp-block-columns-is-layout-flex\">\n<div class=\"wp-block-column is-layout-flow wp-block-column-is-layout-flow\">\n<p class=\"has-text-align-center has-nv-site-bg-color has-text-color has-background\" style=\"background-color:#0cba2b\"><strong>Colocation \/ Location disponible pour 2022-2023<\/strong><\/p>\n\n\n\n<div class=\"wp-block-buttons is-content-justification-center is-layout-flex wp-container-core-buttons-is-layout-16018d1d wp-block-buttons-is-layout-flex\">\n<div class=\"wp-block-button is-style-primary\"><a class=\"wp-block-button__link\" href=\"https:\/\/www.facebook.com\/groups\/817195442538069\/?ref=invite_via_link&amp;invite_short_link_key=g%2F3K3bCXHDX%2F4PEnA7R8\" target=\"_blank\" rel=\"noreferrer noopener\">Rejoindre le groupe facebook<\/a><\/div>\n<\/div>\n\n\n\n<p><\/p>\n\n\n\n<p>R\u00e9parti sur deux \u00e9tages, le duplex peut accueillir 4 \u00e9tudiants. Spacieux et lumineux l&rsquo;appartement de 87m2 (loi Carrez) vous offre un espace confortable \u00e0 deux pas du centre ville de Saint-Nazaire et des campus : CESI, \u00e9cole d&rsquo;ing\u00e9nieur et l&rsquo;\u00e9cole des Beaux Arts.<\/p>\n\n\n\n<figure class=\"wp-block-image size-full\"><img loading=\"lazy\" decoding=\"async\" width=\"1024\" height=\"589\" src=\"https:\/\/escale-coloc.fr\/wp-content\/uploads\/2022\/03\/duplex-haut-1024x589SDBWC.png\" alt=\"\" class=\"wp-image-263\" srcset=\"https:\/\/escale-coloc.fr\/wp-content\/uploads\/2022\/03\/duplex-haut-1024x589SDBWC.png 1024w, https:\/\/escale-coloc.fr\/wp-content\/uploads\/2022\/03\/duplex-haut-1024x589SDBWC-300x173.png 300w, https:\/\/escale-coloc.fr\/wp-content\/uploads\/2022\/03\/duplex-haut-1024x589SDBWC-768x442.png 768w\" sizes=\"auto, (max-width: 1024px) 100vw, 1024px\" \/><\/figure>\n\n\n\n<figure class=\"wp-block-image size-full\"><img loading=\"lazy\" decoding=\"async\" width=\"1024\" height=\"665\" src=\"https:\/\/escale-coloc.fr\/wp-content\/uploads\/2022\/03\/duplex-bas-1024x665-1.png\" alt=\"\" class=\"wp-image-264\" srcset=\"https:\/\/escale-coloc.fr\/wp-content\/uploads\/2022\/03\/duplex-bas-1024x665-1.png 1024w, https:\/\/escale-coloc.fr\/wp-content\/uploads\/2022\/03\/duplex-bas-1024x665-1-300x195.png 300w, https:\/\/escale-coloc.fr\/wp-content\/uploads\/2022\/03\/duplex-bas-1024x665-1-768x499.png 768w\" sizes=\"auto, (max-width: 1024px) 100vw, 1024px\" \/><\/figure>\n<\/div>\n\n\n\n<div class=\"wp-block-column is-layout-flow wp-block-column-is-layout-flow\"><div class=\"wp-block-image\">\n<figure class=\"aligncenter size-large\"><img loading=\"lazy\" decoding=\"async\" width=\"1024\" height=\"683\" src=\"https:\/\/escale-coloc.fr\/wp-content\/uploads\/2022\/03\/Chambre-n\u00b02-2-1024x683.jpeg\" alt=\"\" class=\"wp-image-72\" srcset=\"https:\/\/escale-coloc.fr\/wp-content\/uploads\/2022\/03\/Chambre-n\u00b02-2-1024x683.jpeg 1024w, https:\/\/escale-coloc.fr\/wp-content\/uploads\/2022\/03\/Chambre-n\u00b02-2-300x200.jpeg 300w, https:\/\/escale-coloc.fr\/wp-content\/uploads\/2022\/03\/Chambre-n\u00b02-2-768x512.jpeg 768w, https:\/\/escale-coloc.fr\/wp-content\/uploads\/2022\/03\/Chambre-n\u00b02-2-1536x1024.jpeg 1536w, https:\/\/escale-coloc.fr\/wp-content\/uploads\/2022\/03\/Chambre-n\u00b02-2-2048x1365.jpeg 2048w, https:\/\/escale-coloc.fr\/wp-content\/uploads\/2022\/03\/Chambre-n\u00b02-2-930x620.jpeg 930w\" sizes=\"auto, (max-width: 1024px) 100vw, 1024px\" \/><\/figure>\n<\/div>\n\n\n<p>Cet appartement vous offre : <\/p>\n\n\n\n<ul class=\"wp-block-list\"><li>4 Chambres avec le mobilier suivant : <ul><li>armoire avec penderie, <\/li><li>bureau, <\/li><li>lit double de 140 (couettes oreillers et draps fournis)<\/li><\/ul><\/li><li>2 salles de bains<\/li><li>2 WC<\/li><li>Une cuisine \u00e9quip\u00e9e avec : <ul><li>frigo et cong\u00e9lateur, <\/li><li>four, <\/li><li>micro-onde, <\/li><li>lave-vaisselle,<\/li><li>et ustensiles de cuisine<\/li><\/ul><\/li><li>Lave-linge et s\u00e8che linge<\/li><li>TV 4K<\/li><li>WiFi inclus (fibre optique)<\/li><li>Un petit balcon pour les fumeurs<\/li><li>Chauffage central<\/li><li>Un rangement pour 5 v\u00e9los \u00e0 partager avec les autres colocations de l\u2019immeuble dans le hall d\u2019entr\u00e9e<\/li><\/ul>\n<\/div>\n<\/div>\n\n\n\n<h2 class=\"wp-block-heading\">Galerie photo<\/h2>\n\n\n\n<div class=\"rl-gallery-container rl-loading\" id=\"rl-gallery-container-1\" data-gallery_id=\"65\"> <div class=\"rl-gallery rl-basicgrid-gallery rl-hover-effect-2\" id=\"rl-gallery-1\" data-gallery_no=\"1\"> <div class=\"rl-gallery-item\"><a href=\"https:\/\/escale-coloc.fr\/wp-content\/uploads\/2022\/03\/Bar-scaled.jpeg\" title=\"\" data-rl_title=\"\" class=\"rl-gallery-link\" data-rl_caption=\"\" data-rel=\"lightbox-gallery-1\"><img loading=\"lazy\" decoding=\"async\" src=\"https:\/\/escale-coloc.fr\/wp-content\/uploads\/2022\/03\/Bar-300x200.jpeg\" width=\"300\" height=\"200\" \/><\/a><\/div><div class=\"rl-gallery-item\"><a href=\"https:\/\/escale-coloc.fr\/wp-content\/uploads\/2022\/03\/Chambre-n\u00b01-scaled.jpeg\" title=\"\" data-rl_title=\"\" class=\"rl-gallery-link\" data-rl_caption=\"\" data-rel=\"lightbox-gallery-1\"><img loading=\"lazy\" decoding=\"async\" src=\"https:\/\/escale-coloc.fr\/wp-content\/uploads\/2022\/03\/Chambre-n\u00b01-300x200.jpeg\" width=\"300\" height=\"200\" \/><\/a><\/div><div class=\"rl-gallery-item\"><a href=\"https:\/\/escale-coloc.fr\/wp-content\/uploads\/2022\/03\/Chambre-n\u00b02-2-scaled.jpeg\" title=\"\" data-rl_title=\"\" class=\"rl-gallery-link\" data-rl_caption=\"\" data-rel=\"lightbox-gallery-1\"><img loading=\"lazy\" decoding=\"async\" src=\"https:\/\/escale-coloc.fr\/wp-content\/uploads\/2022\/03\/Chambre-n\u00b02-2-300x200.jpeg\" width=\"300\" height=\"200\" \/><\/a><\/div><div class=\"rl-gallery-item\"><a href=\"https:\/\/escale-coloc.fr\/wp-content\/uploads\/2022\/03\/Chambre-n\u00b02-scaled.jpeg\" title=\"\" data-rl_title=\"\" class=\"rl-gallery-link\" data-rl_caption=\"\" data-rel=\"lightbox-gallery-1\"><img loading=\"lazy\" decoding=\"async\" src=\"https:\/\/escale-coloc.fr\/wp-content\/uploads\/2022\/03\/Chambre-n\u00b02-300x200.jpeg\" width=\"300\" height=\"200\" \/><\/a><\/div><div class=\"rl-gallery-item\"><a href=\"https:\/\/escale-coloc.fr\/wp-content\/uploads\/2022\/03\/Chambre-n\u00b03-2-scaled.jpeg\" title=\"\" data-rl_title=\"\" class=\"rl-gallery-link\" data-rl_caption=\"\" data-rel=\"lightbox-gallery-1\"><img loading=\"lazy\" decoding=\"async\" src=\"https:\/\/escale-coloc.fr\/wp-content\/uploads\/2022\/03\/Chambre-n\u00b03-2-300x200.jpeg\" width=\"300\" height=\"200\" \/><\/a><\/div><div class=\"rl-gallery-item\"><a href=\"https:\/\/escale-coloc.fr\/wp-content\/uploads\/2022\/03\/Chambre-n\u00b03-scaled.jpeg\" title=\"\" data-rl_title=\"\" class=\"rl-gallery-link\" data-rl_caption=\"\" data-rel=\"lightbox-gallery-1\"><img loading=\"lazy\" decoding=\"async\" src=\"https:\/\/escale-coloc.fr\/wp-content\/uploads\/2022\/03\/Chambre-n\u00b03-300x200.jpeg\" width=\"300\" height=\"200\" \/><\/a><\/div><div class=\"rl-gallery-item\"><a href=\"https:\/\/escale-coloc.fr\/wp-content\/uploads\/2022\/03\/Couloir-comble-scaled.jpeg\" title=\"\" data-rl_title=\"\" class=\"rl-gallery-link\" data-rl_caption=\"\" data-rel=\"lightbox-gallery-1\"><img loading=\"lazy\" decoding=\"async\" src=\"https:\/\/escale-coloc.fr\/wp-content\/uploads\/2022\/03\/Couloir-comble-200x300.jpeg\" width=\"200\" height=\"300\" \/><\/a><\/div><div class=\"rl-gallery-item\"><a href=\"https:\/\/escale-coloc.fr\/wp-content\/uploads\/2022\/03\/Douche-sous-comble-scaled.jpeg\" title=\"\" data-rl_title=\"\" class=\"rl-gallery-link\" data-rl_caption=\"\" data-rel=\"lightbox-gallery-1\"><img loading=\"lazy\" decoding=\"async\" src=\"https:\/\/escale-coloc.fr\/wp-content\/uploads\/2022\/03\/Douche-sous-comble-200x300.jpeg\" width=\"200\" height=\"300\" \/><\/a><\/div><div class=\"rl-gallery-item\"><a href=\"https:\/\/escale-coloc.fr\/wp-content\/uploads\/2022\/03\/Palier-sous-comble-scaled.jpeg\" title=\"\" data-rl_title=\"\" class=\"rl-gallery-link\" data-rl_caption=\"\" data-rel=\"lightbox-gallery-1\"><img loading=\"lazy\" decoding=\"async\" src=\"https:\/\/escale-coloc.fr\/wp-content\/uploads\/2022\/03\/Palier-sous-comble-200x300.jpeg\" width=\"200\" height=\"300\" \/><\/a><\/div><div class=\"rl-gallery-item\"><a href=\"https:\/\/escale-coloc.fr\/wp-content\/uploads\/2022\/03\/Entre\u0301e-Wc-SDB-scaled.jpeg\" title=\"\" data-rl_title=\"\" class=\"rl-gallery-link\" data-rl_caption=\"\" data-rel=\"lightbox-gallery-1\"><img loading=\"lazy\" decoding=\"async\" src=\"https:\/\/escale-coloc.fr\/wp-content\/uploads\/2022\/03\/Entre\u0301e-Wc-SDB-300x200.jpeg\" width=\"300\" height=\"200\" \/><\/a><\/div><div class=\"rl-gallery-item\"><a href=\"https:\/\/escale-coloc.fr\/wp-content\/uploads\/2022\/03\/Salon-escalier-comble-scaled.jpeg\" title=\"\" data-rl_title=\"\" class=\"rl-gallery-link\" data-rl_caption=\"\" data-rel=\"lightbox-gallery-1\"><img loading=\"lazy\" decoding=\"async\" src=\"https:\/\/escale-coloc.fr\/wp-content\/uploads\/2022\/03\/Salon-escalier-comble-300x200.jpeg\" width=\"300\" height=\"200\" \/><\/a><\/div><div class=\"rl-gallery-item\"><a href=\"https:\/\/escale-coloc.fr\/wp-content\/uploads\/2022\/03\/Salon-scaled.jpeg\" title=\"\" data-rl_title=\"\" class=\"rl-gallery-link\" data-rl_caption=\"\" data-rel=\"lightbox-gallery-1\"><img loading=\"lazy\" decoding=\"async\" src=\"https:\/\/escale-coloc.fr\/wp-content\/uploads\/2022\/03\/Salon-300x200.jpeg\" width=\"300\" height=\"200\" \/><\/a><\/div><div class=\"rl-gallery-item\"><a href=\"https:\/\/escale-coloc.fr\/wp-content\/uploads\/2022\/03\/SDB-sous-comble-scaled.jpeg\" title=\"\" data-rl_title=\"\" class=\"rl-gallery-link\" data-rl_caption=\"\" data-rel=\"lightbox-gallery-1\"><img loading=\"lazy\" decoding=\"async\" src=\"https:\/\/escale-coloc.fr\/wp-content\/uploads\/2022\/03\/SDB-sous-comble-200x300.jpeg\" width=\"200\" height=\"300\" \/><\/a><\/div><div class=\"rl-gallery-item\"><a href=\"https:\/\/escale-coloc.fr\/wp-content\/uploads\/2022\/03\/SDB-scaled.jpeg\" title=\"\" data-rl_title=\"\" class=\"rl-gallery-link\" data-rl_caption=\"\" data-rel=\"lightbox-gallery-1\"><img loading=\"lazy\" decoding=\"async\" src=\"https:\/\/escale-coloc.fr\/wp-content\/uploads\/2022\/03\/SDB-200x300.jpeg\" width=\"200\" height=\"300\" \/><\/a><\/div><div class=\"rl-gallery-item\"><a href=\"https:\/\/escale-coloc.fr\/wp-content\/uploads\/2022\/03\/vue-couloir-sous-comble-scaled.jpeg\" title=\"\" data-rl_title=\"\" class=\"rl-gallery-link\" data-rl_caption=\"\" data-rel=\"lightbox-gallery-1\"><img loading=\"lazy\" decoding=\"async\" src=\"https:\/\/escale-coloc.fr\/wp-content\/uploads\/2022\/03\/vue-couloir-sous-comble-200x300.jpeg\" width=\"200\" height=\"300\" \/><\/a><\/div> <\/div> <\/div>\n\n\n\n<p><\/p>\n\n\n\n<div class=\"wp-block-buttons is-content-justification-center is-layout-flex wp-container-core-buttons-is-layout-16018d1d wp-block-buttons-is-layout-flex\">\n<div class=\"wp-block-button is-style-primary\"><a class=\"wp-block-button__link\" href=\"https:\/\/www.facebook.com\/groups\/817195442538069\/?ref=invite_via_link&amp;invite_short_link_key=g%2F3K3bCXHDX%2F4PEnA7R8\" target=\"_blank\" rel=\"noreferrer noopener\">Trouver mes colocataires via le groupe facebook<\/a><\/div>\n<\/div>\n\n\n\n<p><\/p>\n","protected":false},"excerpt":{"rendered":"<p>Colocation \/ Location disponible pour 2022-2023 R\u00e9parti sur deux \u00e9tages, le duplex peut accueillir 4 \u00e9tudiants. Spacieux et lumineux l&rsquo;appartement de 87m2 (loi Carrez) vous offre un espace confortable \u00e0 deux pas du centre ville de Saint-Nazaire et des campus : CESI, \u00e9cole d&rsquo;ing\u00e9nieur et l&rsquo;\u00e9cole des Beaux Arts. Cet appartement vous offre : 4&hellip;&nbsp;<a href=\"https:\/\/escale-coloc.fr\/index.php\/duplex-etudiant-colocation-saint-nazaire\/\" class=\"\" rel=\"bookmark\">Lire la suite &raquo;<span class=\"screen-reader-text\">Le duplex<\/span><\/a><\/p>\n","protected":false},"author":1,"featured_media":69,"parent":0,"menu_order":0,"comment_status":"closed","ping_status":"closed","template":"","meta":{"neve_meta_sidebar":"","neve_meta_container":"","neve_meta_enable_content_width":"","neve_meta_content_width":0,"neve_meta_title_alignment":"","neve_meta_author_avatar":"","neve_post_elements_order":"","neve_meta_disable_header":"","neve_meta_disable_footer":"","neve_meta_disable_title":"","footnotes":""},"class_list":["post-15","page","type-page","status-publish","has-post-thumbnail","hentry"],"yoast_head":"<!-- This site is optimized with the Yoast SEO plugin v27.4 - https:\/\/yoast.com\/product\/yoast-seo-wordpress\/ -->\n<title>Le duplex - Escale coloc - Colocation ou location \u00e0 Saint-Nazaire (44600)<\/title>\n<meta name=\"description\" content=\"R\u00e9parti sur deux \u00e9tages, le duplex de 90m2 \u00e0 deux pas du centre ville et de plusieurs campus peut accueillir 4 \u00e9tudiants en colocation sur Saint-Nazaire.\" \/>\n<meta name=\"robots\" content=\"index, follow, max-snippet:-1, max-image-preview:large, max-video-preview:-1\" \/>\n<link rel=\"canonical\" href=\"https:\/\/escale-coloc.fr\/index.php\/duplex-etudiant-colocation-saint-nazaire\/\" \/>\n<meta property=\"og:locale\" content=\"fr_FR\" \/>\n<meta property=\"og:type\" content=\"article\" \/>\n<meta property=\"og:title\" content=\"Escale Coloc, colocation \u00e9tudiante \u00e0 Saint-Nazaire\" \/>\n<meta property=\"og:description\" content=\"R\u00e9parti sur deux \u00e9tages, le duplex de 90m2 \u00e0 deux pas du centre ville et de plusieurs campus peut accueillir 4 \u00e9tudiants en colocation sur Saint-Nazaire.\" \/>\n<meta property=\"og:url\" content=\"https:\/\/escale-coloc.fr\/index.php\/duplex-etudiant-colocation-saint-nazaire\/\" \/>\n<meta property=\"og:site_name\" content=\"Escale coloc - Colocation ou location \u00e0 Saint-Nazaire (44600)\" \/>\n<meta property=\"article:modified_time\" content=\"2022-09-05T12:53:42+00:00\" \/>\n<meta property=\"og:image\" content=\"https:\/\/escale-coloc.fr\/wp-content\/uploads\/2022\/03\/Salon-scaled.jpeg\" \/>\n\t<meta property=\"og:image:width\" content=\"2560\" \/>\n\t<meta property=\"og:image:height\" content=\"1707\" \/>\n\t<meta property=\"og:image:type\" content=\"image\/jpeg\" \/>\n<meta name=\"twitter:card\" content=\"summary_large_image\" \/>\n<meta name=\"twitter:label1\" content=\"Dur\u00e9e de lecture estim\u00e9e\" \/>\n\t<meta name=\"twitter:data1\" content=\"2 minutes\" \/>\n<script type=\"application\/ld+json\" class=\"yoast-schema-graph\">{\"@context\":\"https:\\\/\\\/schema.org\",\"@graph\":[{\"@type\":\"WebPage\",\"@id\":\"https:\\\/\\\/escale-coloc.fr\\\/index.php\\\/duplex-etudiant-colocation-saint-nazaire\\\/\",\"url\":\"https:\\\/\\\/escale-coloc.fr\\\/index.php\\\/duplex-etudiant-colocation-saint-nazaire\\\/\",\"name\":\"Le duplex - Escale coloc - Colocation ou location \u00e0 Saint-Nazaire (44600)\",\"isPartOf\":{\"@id\":\"https:\\\/\\\/escale-coloc.fr\\\/#website\"},\"primaryImageOfPage\":{\"@id\":\"https:\\\/\\\/escale-coloc.fr\\\/index.php\\\/duplex-etudiant-colocation-saint-nazaire\\\/#primaryimage\"},\"image\":{\"@id\":\"https:\\\/\\\/escale-coloc.fr\\\/index.php\\\/duplex-etudiant-colocation-saint-nazaire\\\/#primaryimage\"},\"thumbnailUrl\":\"https:\\\/\\\/escale-coloc.fr\\\/wp-content\\\/uploads\\\/2022\\\/03\\\/Cuisine-scaled.jpg\",\"datePublished\":\"2022-02-08T15:54:59+00:00\",\"dateModified\":\"2022-09-05T12:53:42+00:00\",\"description\":\"R\u00e9parti sur deux \u00e9tages, le duplex de 90m2 \u00e0 deux pas du centre ville et de plusieurs campus peut accueillir 4 \u00e9tudiants en colocation sur Saint-Nazaire.\",\"breadcrumb\":{\"@id\":\"https:\\\/\\\/escale-coloc.fr\\\/index.php\\\/duplex-etudiant-colocation-saint-nazaire\\\/#breadcrumb\"},\"inLanguage\":\"fr-FR\",\"potentialAction\":[{\"@type\":\"ReadAction\",\"target\":[\"https:\\\/\\\/escale-coloc.fr\\\/index.php\\\/duplex-etudiant-colocation-saint-nazaire\\\/\"]}]},{\"@type\":\"ImageObject\",\"inLanguage\":\"fr-FR\",\"@id\":\"https:\\\/\\\/escale-coloc.fr\\\/index.php\\\/duplex-etudiant-colocation-saint-nazaire\\\/#primaryimage\",\"url\":\"https:\\\/\\\/escale-coloc.fr\\\/wp-content\\\/uploads\\\/2022\\\/03\\\/Cuisine-scaled.jpg\",\"contentUrl\":\"https:\\\/\\\/escale-coloc.fr\\\/wp-content\\\/uploads\\\/2022\\\/03\\\/Cuisine-scaled.jpg\",\"width\":2560,\"height\":861},{\"@type\":\"BreadcrumbList\",\"@id\":\"https:\\\/\\\/escale-coloc.fr\\\/index.php\\\/duplex-etudiant-colocation-saint-nazaire\\\/#breadcrumb\",\"itemListElement\":[{\"@type\":\"ListItem\",\"position\":1,\"name\":\"Accueil\",\"item\":\"https:\\\/\\\/escale-coloc.fr\\\/\"},{\"@type\":\"ListItem\",\"position\":2,\"name\":\"Le duplex\"}]},{\"@type\":\"WebSite\",\"@id\":\"https:\\\/\\\/escale-coloc.fr\\\/#website\",\"url\":\"https:\\\/\\\/escale-coloc.fr\\\/\",\"name\":\"Escale coloc - Colocation ou location \u00e0 Saint-Nazaire (44600)\",\"description\":\"Votre future colocation ou location \u00e0 Saint-Nazaire\",\"publisher\":{\"@id\":\"https:\\\/\\\/escale-coloc.fr\\\/#organization\"},\"potentialAction\":[{\"@type\":\"SearchAction\",\"target\":{\"@type\":\"EntryPoint\",\"urlTemplate\":\"https:\\\/\\\/escale-coloc.fr\\\/?s={search_term_string}\"},\"query-input\":{\"@type\":\"PropertyValueSpecification\",\"valueRequired\":true,\"valueName\":\"search_term_string\"}}],\"inLanguage\":\"fr-FR\"},{\"@type\":\"Organization\",\"@id\":\"https:\\\/\\\/escale-coloc.fr\\\/#organization\",\"name\":\"Escale coloc\",\"url\":\"https:\\\/\\\/escale-coloc.fr\\\/\",\"logo\":{\"@type\":\"ImageObject\",\"inLanguage\":\"fr-FR\",\"@id\":\"https:\\\/\\\/escale-coloc.fr\\\/#\\\/schema\\\/logo\\\/image\\\/\",\"url\":\"https:\\\/\\\/escale-coloc.fr\\\/wp-content\\\/uploads\\\/2022\\\/02\\\/logov3.png\",\"contentUrl\":\"https:\\\/\\\/escale-coloc.fr\\\/wp-content\\\/uploads\\\/2022\\\/02\\\/logov3.png\",\"width\":1453,\"height\":585,\"caption\":\"Escale coloc\"},\"image\":{\"@id\":\"https:\\\/\\\/escale-coloc.fr\\\/#\\\/schema\\\/logo\\\/image\\\/\"}}]}<\/script>\n<!-- \/ Yoast SEO plugin. -->","yoast_head_json":{"title":"Le duplex - Escale coloc - Colocation ou location \u00e0 Saint-Nazaire (44600)","description":"R\u00e9parti sur deux \u00e9tages, le duplex de 90m2 \u00e0 deux pas du centre ville et de plusieurs campus peut accueillir 4 \u00e9tudiants en colocation sur Saint-Nazaire.","robots":{"index":"index","follow":"follow","max-snippet":"max-snippet:-1","max-image-preview":"max-image-preview:large","max-video-preview":"max-video-preview:-1"},"canonical":"https:\/\/escale-coloc.fr\/index.php\/duplex-etudiant-colocation-saint-nazaire\/","og_locale":"fr_FR","og_type":"article","og_title":"Escale Coloc, colocation \u00e9tudiante \u00e0 Saint-Nazaire","og_description":"R\u00e9parti sur deux \u00e9tages, le duplex de 90m2 \u00e0 deux pas du centre ville et de plusieurs campus peut accueillir 4 \u00e9tudiants en colocation sur Saint-Nazaire.","og_url":"https:\/\/escale-coloc.fr\/index.php\/duplex-etudiant-colocation-saint-nazaire\/","og_site_name":"Escale coloc - Colocation ou location \u00e0 Saint-Nazaire (44600)","article_modified_time":"2022-09-05T12:53:42+00:00","og_image":[{"width":2560,"height":1707,"url":"https:\/\/escale-coloc.fr\/wp-content\/uploads\/2022\/03\/Salon-scaled.jpeg","type":"image\/jpeg"}],"twitter_card":"summary_large_image","twitter_misc":{"Dur\u00e9e de lecture estim\u00e9e":"2 minutes"},"schema":{"@context":"https:\/\/schema.org","@graph":[{"@type":"WebPage","@id":"https:\/\/escale-coloc.fr\/index.php\/duplex-etudiant-colocation-saint-nazaire\/","url":"https:\/\/escale-coloc.fr\/index.php\/duplex-etudiant-colocation-saint-nazaire\/","name":"Le duplex - Escale coloc - Colocation ou location \u00e0 Saint-Nazaire (44600)","isPartOf":{"@id":"https:\/\/escale-coloc.fr\/#website"},"primaryImageOfPage":{"@id":"https:\/\/escale-coloc.fr\/index.php\/duplex-etudiant-colocation-saint-nazaire\/#primaryimage"},"image":{"@id":"https:\/\/escale-coloc.fr\/index.php\/duplex-etudiant-colocation-saint-nazaire\/#primaryimage"},"thumbnailUrl":"https:\/\/escale-coloc.fr\/wp-content\/uploads\/2022\/03\/Cuisine-scaled.jpg","datePublished":"2022-02-08T15:54:59+00:00","dateModified":"2022-09-05T12:53:42+00:00","description":"R\u00e9parti sur deux \u00e9tages, le duplex de 90m2 \u00e0 deux pas du centre ville et de plusieurs campus peut accueillir 4 \u00e9tudiants en colocation sur Saint-Nazaire.","breadcrumb":{"@id":"https:\/\/escale-coloc.fr\/index.php\/duplex-etudiant-colocation-saint-nazaire\/#breadcrumb"},"inLanguage":"fr-FR","potentialAction":[{"@type":"ReadAction","target":["https:\/\/escale-coloc.fr\/index.php\/duplex-etudiant-colocation-saint-nazaire\/"]}]},{"@type":"ImageObject","inLanguage":"fr-FR","@id":"https:\/\/escale-coloc.fr\/index.php\/duplex-etudiant-colocation-saint-nazaire\/#primaryimage","url":"https:\/\/escale-coloc.fr\/wp-content\/uploads\/2022\/03\/Cuisine-scaled.jpg","contentUrl":"https:\/\/escale-coloc.fr\/wp-content\/uploads\/2022\/03\/Cuisine-scaled.jpg","width":2560,"height":861},{"@type":"BreadcrumbList","@id":"https:\/\/escale-coloc.fr\/index.php\/duplex-etudiant-colocation-saint-nazaire\/#breadcrumb","itemListElement":[{"@type":"ListItem","position":1,"name":"Accueil","item":"https:\/\/escale-coloc.fr\/"},{"@type":"ListItem","position":2,"name":"Le duplex"}]},{"@type":"WebSite","@id":"https:\/\/escale-coloc.fr\/#website","url":"https:\/\/escale-coloc.fr\/","name":"Escale coloc - Colocation ou location \u00e0 Saint-Nazaire (44600)","description":"Votre future colocation ou location \u00e0 Saint-Nazaire","publisher":{"@id":"https:\/\/escale-coloc.fr\/#organization"},"potentialAction":[{"@type":"SearchAction","target":{"@type":"EntryPoint","urlTemplate":"https:\/\/escale-coloc.fr\/?s={search_term_string}"},"query-input":{"@type":"PropertyValueSpecification","valueRequired":true,"valueName":"search_term_string"}}],"inLanguage":"fr-FR"},{"@type":"Organization","@id":"https:\/\/escale-coloc.fr\/#organization","name":"Escale coloc","url":"https:\/\/escale-coloc.fr\/","logo":{"@type":"ImageObject","inLanguage":"fr-FR","@id":"https:\/\/escale-coloc.fr\/#\/schema\/logo\/image\/","url":"https:\/\/escale-coloc.fr\/wp-content\/uploads\/2022\/02\/logov3.png","contentUrl":"https:\/\/escale-coloc.fr\/wp-content\/uploads\/2022\/02\/logov3.png","width":1453,"height":585,"caption":"Escale coloc"},"image":{"@id":"https:\/\/escale-coloc.fr\/#\/schema\/logo\/image\/"}}]}},"_links":{"self":[{"href":"https:\/\/escale-coloc.fr\/index.php\/wp-json\/wp\/v2\/pages\/15","targetHints":{"allow":["GET"]}}],"collection":[{"href":"https:\/\/escale-coloc.fr\/index.php\/wp-json\/wp\/v2\/pages"}],"about":[{"href":"https:\/\/escale-coloc.fr\/index.php\/wp-json\/wp\/v2\/types\/page"}],"author":[{"embeddable":true,"href":"https:\/\/escale-coloc.fr\/index.php\/wp-json\/wp\/v2\/users\/1"}],"replies":[{"embeddable":true,"href":"https:\/\/escale-coloc.fr\/index.php\/wp-json\/wp\/v2\/comments?post=15"}],"version-history":[{"count":34,"href":"https:\/\/escale-coloc.fr\/index.php\/wp-json\/wp\/v2\/pages\/15\/revisions"}],"predecessor-version":[{"id":313,"href":"https:\/\/escale-coloc.fr\/index.php\/wp-json\/wp\/v2\/pages\/15\/revisions\/313"}],"wp:featuredmedia":[{"embeddable":true,"href":"https:\/\/escale-coloc.fr\/index.php\/wp-json\/wp\/v2\/media\/69"}],"wp:attachment":[{"href":"https:\/\/escale-coloc.fr\/index.php\/wp-json\/wp\/v2\/media?parent=15"}],"curies":[{"name":"wp","href":"https:\/\/api.w.org\/{rel}","templated":true}]}}