{"id":14,"date":"2022-02-08T16:54:59","date_gmt":"2022-02-08T15:54:59","guid":{"rendered":"http:\/\/bjuvsue.cluster031.hosting.ovh.net\/?page_id=14"},"modified":"2022-09-05T14:34:50","modified_gmt":"2022-09-05T12:34:50","slug":"appartement-location-etudiante-saint-nazaire","status":"publish","type":"page","link":"https:\/\/escale-coloc.fr\/index.php\/appartement-location-etudiante-saint-nazaire\/","title":{"rendered":"Le 1er"},"content":{"rendered":"\n<div class=\"wp-block-columns is-layout-flex wp-container-core-columns-is-layout-9d6595d7 wp-block-columns-is-layout-flex\">\n<div class=\"wp-block-column is-layout-flow wp-block-column-is-layout-flow\">\n<p class=\"has-text-align-center has-nv-site-bg-color has-nv-c-2-background-color has-text-color has-background\"><strong>R\u00e9servation compl\u00e8te pour 2022-2023<\/strong><\/p>\n\n\n\n<p>Au premier \u00e9tage d&rsquo;un batiment des ann\u00e9es 50 enti\u00e8rement r\u00e9nov\u00e9, le 1er est un appartement de 60m2 pouvant accueillir 2 colocataires. <\/p>\n\n\n\n<p>Cette colocation vous offre :<\/p>\n\n\n\n<ul class=\"wp-block-list\"><li>2 Chambres avec mobilier suivant inclus : <ul><li>armoire avec penderie, <\/li><li>bureau, <\/li><li>lit double de 140cm (couettes oreillers et draps fournis)<\/li><\/ul><\/li><li>1 salle de bains<\/li><li>1 WC<\/li><li>Une cuisine \u00e9quip\u00e9e avec : <ul><li>frigo et cong\u00e9lateur, <\/li><li>four, <\/li><li>micro-onde, <\/li><li>lave-vaisselle,<\/li><li>et ustensiles de cuisine<\/li><\/ul><\/li><li>Lave-linge et s\u00e8che linge<\/li><li>TV 4K<\/li><li>WiFi inclus (fibre optique)<\/li><li>Un petit balcon pour les fumeurs<\/li><li>Chauffage central<\/li><li>Un rangement pour 5 v\u00e9los \u00e0 partager avec les autres colocations de l&rsquo;immeuble dans le hall d\u2019entr\u00e9e<\/li><\/ul>\n<\/div>\n\n\n\n<div class=\"wp-block-column is-layout-flow wp-block-column-is-layout-flow\">\n<figure class=\"wp-block-image size-full\"><img loading=\"lazy\" decoding=\"async\" width=\"683\" height=\"817\" src=\"https:\/\/escale-coloc.fr\/wp-content\/uploads\/2022\/03\/fac\u0327ade-683x1024-1.jpg\" alt=\"\" class=\"wp-image-101\" srcset=\"https:\/\/escale-coloc.fr\/wp-content\/uploads\/2022\/03\/fac\u0327ade-683x1024-1.jpg 683w, https:\/\/escale-coloc.fr\/wp-content\/uploads\/2022\/03\/fac\u0327ade-683x1024-1-251x300.jpg 251w\" sizes=\"auto, (max-width: 683px) 100vw, 683px\" \/><\/figure>\n\n\n\n<figure class=\"wp-block-image size-full\"><img loading=\"lazy\" decoding=\"async\" width=\"561\" height=\"605\" src=\"https:\/\/escale-coloc.fr\/wp-content\/uploads\/2022\/03\/plan1ercuisine.jpg\" alt=\"\" class=\"wp-image-260\" srcset=\"https:\/\/escale-coloc.fr\/wp-content\/uploads\/2022\/03\/plan1ercuisine.jpg 561w, https:\/\/escale-coloc.fr\/wp-content\/uploads\/2022\/03\/plan1ercuisine-278x300.jpg 278w\" sizes=\"auto, (max-width: 561px) 100vw, 561px\" \/><\/figure>\n<\/div>\n<\/div>\n\n\n\n<div class=\"wp-block-buttons is-content-justification-center is-layout-flex wp-container-core-buttons-is-layout-16018d1d wp-block-buttons-is-layout-flex\">\n<div class=\"wp-block-button is-style-primary\"><a class=\"wp-block-button__link\" href=\"https:\/\/escale-coloc.fr\/index.php\/duplex-etudiant-colocation-saint-nazaire\/\">D\u00e9couvrir le duplex<\/a><\/div>\n<\/div>\n\n\n\n<p><\/p>\n","protected":false},"excerpt":{"rendered":"<p>R\u00e9servation compl\u00e8te pour 2022-2023 Au premier \u00e9tage d&rsquo;un batiment des ann\u00e9es 50 enti\u00e8rement r\u00e9nov\u00e9, le 1er est un appartement de 60m2 pouvant accueillir 2 colocataires. Cette colocation vous offre : 2 Chambres avec mobilier suivant inclus : armoire avec penderie, bureau, lit double de 140cm (couettes oreillers et draps fournis) 1 salle de bains 1&hellip;&nbsp;<a href=\"https:\/\/escale-coloc.fr\/index.php\/appartement-location-etudiante-saint-nazaire\/\" class=\"\" rel=\"bookmark\">Lire la suite &raquo;<span class=\"screen-reader-text\">Le 1er<\/span><\/a><\/p>\n","protected":false},"author":1,"featured_media":96,"parent":0,"menu_order":0,"comment_status":"closed","ping_status":"closed","template":"","meta":{"neve_meta_sidebar":"","neve_meta_container":"","neve_meta_enable_content_width":"","neve_meta_content_width":0,"neve_meta_title_alignment":"","neve_meta_author_avatar":"","neve_post_elements_order":"","neve_meta_disable_header":"","neve_meta_disable_footer":"","neve_meta_disable_title":"","footnotes":""},"class_list":["post-14","page","type-page","status-publish","has-post-thumbnail","hentry"],"yoast_head":"<!-- This site is optimized with the Yoast SEO plugin v27.4 - https:\/\/yoast.com\/product\/yoast-seo-wordpress\/ -->\n<title>Le 1er - Escale coloc - Colocation ou location \u00e0 Saint-Nazaire (44600)<\/title>\n<meta name=\"robots\" content=\"index, follow, max-snippet:-1, max-image-preview:large, max-video-preview:-1\" \/>\n<link rel=\"canonical\" href=\"https:\/\/escale-coloc.fr\/index.php\/appartement-location-etudiante-saint-nazaire\/\" \/>\n<meta property=\"og:locale\" content=\"fr_FR\" \/>\n<meta property=\"og:type\" content=\"article\" \/>\n<meta property=\"og:title\" content=\"Le 1er - Escale coloc - Colocation ou location \u00e0 Saint-Nazaire (44600)\" \/>\n<meta property=\"og:description\" content=\"R\u00e9servation compl\u00e8te pour 2022-2023 Au premier \u00e9tage d&rsquo;un batiment des ann\u00e9es 50 enti\u00e8rement r\u00e9nov\u00e9, le 1er est un appartement de 60m2 pouvant accueillir 2 colocataires. Cette colocation vous offre : 2 Chambres avec mobilier suivant inclus : armoire avec penderie, bureau, lit double de 140cm (couettes oreillers et draps fournis) 1 salle de bains 1&hellip;&nbsp;Lire la suite &raquo;Le 1er\" \/>\n<meta property=\"og:url\" content=\"https:\/\/escale-coloc.fr\/index.php\/appartement-location-etudiante-saint-nazaire\/\" \/>\n<meta property=\"og:site_name\" content=\"Escale coloc - Colocation ou location \u00e0 Saint-Nazaire (44600)\" \/>\n<meta property=\"article:modified_time\" content=\"2022-09-05T12:34:50+00:00\" \/>\n<meta property=\"og:image\" content=\"https:\/\/escale-coloc.fr\/wp-content\/uploads\/2022\/03\/Chambre-n1-scaled.jpg\" \/>\n\t<meta property=\"og:image:width\" content=\"2560\" \/>\n\t<meta property=\"og:image:height\" content=\"710\" \/>\n\t<meta property=\"og:image:type\" content=\"image\/jpeg\" \/>\n<meta name=\"twitter:card\" content=\"summary_large_image\" \/>\n<meta name=\"twitter:label1\" content=\"Dur\u00e9e de lecture estim\u00e9e\" \/>\n\t<meta name=\"twitter:data1\" content=\"1 minute\" \/>\n<script type=\"application\/ld+json\" class=\"yoast-schema-graph\">{\"@context\":\"https:\\\/\\\/schema.org\",\"@graph\":[{\"@type\":\"WebPage\",\"@id\":\"https:\\\/\\\/escale-coloc.fr\\\/index.php\\\/appartement-location-etudiante-saint-nazaire\\\/\",\"url\":\"https:\\\/\\\/escale-coloc.fr\\\/index.php\\\/appartement-location-etudiante-saint-nazaire\\\/\",\"name\":\"Le 1er - Escale coloc - Colocation ou location \u00e0 Saint-Nazaire (44600)\",\"isPartOf\":{\"@id\":\"https:\\\/\\\/escale-coloc.fr\\\/#website\"},\"primaryImageOfPage\":{\"@id\":\"https:\\\/\\\/escale-coloc.fr\\\/index.php\\\/appartement-location-etudiante-saint-nazaire\\\/#primaryimage\"},\"image\":{\"@id\":\"https:\\\/\\\/escale-coloc.fr\\\/index.php\\\/appartement-location-etudiante-saint-nazaire\\\/#primaryimage\"},\"thumbnailUrl\":\"https:\\\/\\\/escale-coloc.fr\\\/wp-content\\\/uploads\\\/2022\\\/03\\\/Chambre-n1-scaled.jpg\",\"datePublished\":\"2022-02-08T15:54:59+00:00\",\"dateModified\":\"2022-09-05T12:34:50+00:00\",\"breadcrumb\":{\"@id\":\"https:\\\/\\\/escale-coloc.fr\\\/index.php\\\/appartement-location-etudiante-saint-nazaire\\\/#breadcrumb\"},\"inLanguage\":\"fr-FR\",\"potentialAction\":[{\"@type\":\"ReadAction\",\"target\":[\"https:\\\/\\\/escale-coloc.fr\\\/index.php\\\/appartement-location-etudiante-saint-nazaire\\\/\"]}]},{\"@type\":\"ImageObject\",\"inLanguage\":\"fr-FR\",\"@id\":\"https:\\\/\\\/escale-coloc.fr\\\/index.php\\\/appartement-location-etudiante-saint-nazaire\\\/#primaryimage\",\"url\":\"https:\\\/\\\/escale-coloc.fr\\\/wp-content\\\/uploads\\\/2022\\\/03\\\/Chambre-n1-scaled.jpg\",\"contentUrl\":\"https:\\\/\\\/escale-coloc.fr\\\/wp-content\\\/uploads\\\/2022\\\/03\\\/Chambre-n1-scaled.jpg\",\"width\":2560,\"height\":710},{\"@type\":\"BreadcrumbList\",\"@id\":\"https:\\\/\\\/escale-coloc.fr\\\/index.php\\\/appartement-location-etudiante-saint-nazaire\\\/#breadcrumb\",\"itemListElement\":[{\"@type\":\"ListItem\",\"position\":1,\"name\":\"Accueil\",\"item\":\"https:\\\/\\\/escale-coloc.fr\\\/\"},{\"@type\":\"ListItem\",\"position\":2,\"name\":\"Le 1er\"}]},{\"@type\":\"WebSite\",\"@id\":\"https:\\\/\\\/escale-coloc.fr\\\/#website\",\"url\":\"https:\\\/\\\/escale-coloc.fr\\\/\",\"name\":\"Escale coloc - Colocation ou location \u00e0 Saint-Nazaire (44600)\",\"description\":\"Votre future colocation ou location \u00e0 Saint-Nazaire\",\"publisher\":{\"@id\":\"https:\\\/\\\/escale-coloc.fr\\\/#organization\"},\"potentialAction\":[{\"@type\":\"SearchAction\",\"target\":{\"@type\":\"EntryPoint\",\"urlTemplate\":\"https:\\\/\\\/escale-coloc.fr\\\/?s={search_term_string}\"},\"query-input\":{\"@type\":\"PropertyValueSpecification\",\"valueRequired\":true,\"valueName\":\"search_term_string\"}}],\"inLanguage\":\"fr-FR\"},{\"@type\":\"Organization\",\"@id\":\"https:\\\/\\\/escale-coloc.fr\\\/#organization\",\"name\":\"Escale coloc\",\"url\":\"https:\\\/\\\/escale-coloc.fr\\\/\",\"logo\":{\"@type\":\"ImageObject\",\"inLanguage\":\"fr-FR\",\"@id\":\"https:\\\/\\\/escale-coloc.fr\\\/#\\\/schema\\\/logo\\\/image\\\/\",\"url\":\"https:\\\/\\\/escale-coloc.fr\\\/wp-content\\\/uploads\\\/2022\\\/02\\\/logov3.png\",\"contentUrl\":\"https:\\\/\\\/escale-coloc.fr\\\/wp-content\\\/uploads\\\/2022\\\/02\\\/logov3.png\",\"width\":1453,\"height\":585,\"caption\":\"Escale coloc\"},\"image\":{\"@id\":\"https:\\\/\\\/escale-coloc.fr\\\/#\\\/schema\\\/logo\\\/image\\\/\"}}]}<\/script>\n<!-- \/ Yoast SEO plugin. -->","yoast_head_json":{"title":"Le 1er - Escale coloc - Colocation ou location \u00e0 Saint-Nazaire (44600)","robots":{"index":"index","follow":"follow","max-snippet":"max-snippet:-1","max-image-preview":"max-image-preview:large","max-video-preview":"max-video-preview:-1"},"canonical":"https:\/\/escale-coloc.fr\/index.php\/appartement-location-etudiante-saint-nazaire\/","og_locale":"fr_FR","og_type":"article","og_title":"Le 1er - Escale coloc - Colocation ou location \u00e0 Saint-Nazaire (44600)","og_description":"R\u00e9servation compl\u00e8te pour 2022-2023 Au premier \u00e9tage d&rsquo;un batiment des ann\u00e9es 50 enti\u00e8rement r\u00e9nov\u00e9, le 1er est un appartement de 60m2 pouvant accueillir 2 colocataires. Cette colocation vous offre : 2 Chambres avec mobilier suivant inclus : armoire avec penderie, bureau, lit double de 140cm (couettes oreillers et draps fournis) 1 salle de bains 1&hellip;&nbsp;Lire la suite &raquo;Le 1er","og_url":"https:\/\/escale-coloc.fr\/index.php\/appartement-location-etudiante-saint-nazaire\/","og_site_name":"Escale coloc - Colocation ou location \u00e0 Saint-Nazaire (44600)","article_modified_time":"2022-09-05T12:34:50+00:00","og_image":[{"width":2560,"height":710,"url":"https:\/\/escale-coloc.fr\/wp-content\/uploads\/2022\/03\/Chambre-n1-scaled.jpg","type":"image\/jpeg"}],"twitter_card":"summary_large_image","twitter_misc":{"Dur\u00e9e de lecture estim\u00e9e":"1 minute"},"schema":{"@context":"https:\/\/schema.org","@graph":[{"@type":"WebPage","@id":"https:\/\/escale-coloc.fr\/index.php\/appartement-location-etudiante-saint-nazaire\/","url":"https:\/\/escale-coloc.fr\/index.php\/appartement-location-etudiante-saint-nazaire\/","name":"Le 1er - Escale coloc - Colocation ou location \u00e0 Saint-Nazaire (44600)","isPartOf":{"@id":"https:\/\/escale-coloc.fr\/#website"},"primaryImageOfPage":{"@id":"https:\/\/escale-coloc.fr\/index.php\/appartement-location-etudiante-saint-nazaire\/#primaryimage"},"image":{"@id":"https:\/\/escale-coloc.fr\/index.php\/appartement-location-etudiante-saint-nazaire\/#primaryimage"},"thumbnailUrl":"https:\/\/escale-coloc.fr\/wp-content\/uploads\/2022\/03\/Chambre-n1-scaled.jpg","datePublished":"2022-02-08T15:54:59+00:00","dateModified":"2022-09-05T12:34:50+00:00","breadcrumb":{"@id":"https:\/\/escale-coloc.fr\/index.php\/appartement-location-etudiante-saint-nazaire\/#breadcrumb"},"inLanguage":"fr-FR","potentialAction":[{"@type":"ReadAction","target":["https:\/\/escale-coloc.fr\/index.php\/appartement-location-etudiante-saint-nazaire\/"]}]},{"@type":"ImageObject","inLanguage":"fr-FR","@id":"https:\/\/escale-coloc.fr\/index.php\/appartement-location-etudiante-saint-nazaire\/#primaryimage","url":"https:\/\/escale-coloc.fr\/wp-content\/uploads\/2022\/03\/Chambre-n1-scaled.jpg","contentUrl":"https:\/\/escale-coloc.fr\/wp-content\/uploads\/2022\/03\/Chambre-n1-scaled.jpg","width":2560,"height":710},{"@type":"BreadcrumbList","@id":"https:\/\/escale-coloc.fr\/index.php\/appartement-location-etudiante-saint-nazaire\/#breadcrumb","itemListElement":[{"@type":"ListItem","position":1,"name":"Accueil","item":"https:\/\/escale-coloc.fr\/"},{"@type":"ListItem","position":2,"name":"Le 1er"}]},{"@type":"WebSite","@id":"https:\/\/escale-coloc.fr\/#website","url":"https:\/\/escale-coloc.fr\/","name":"Escale coloc - Colocation ou location \u00e0 Saint-Nazaire (44600)","description":"Votre future colocation ou location \u00e0 Saint-Nazaire","publisher":{"@id":"https:\/\/escale-coloc.fr\/#organization"},"potentialAction":[{"@type":"SearchAction","target":{"@type":"EntryPoint","urlTemplate":"https:\/\/escale-coloc.fr\/?s={search_term_string}"},"query-input":{"@type":"PropertyValueSpecification","valueRequired":true,"valueName":"search_term_string"}}],"inLanguage":"fr-FR"},{"@type":"Organization","@id":"https:\/\/escale-coloc.fr\/#organization","name":"Escale coloc","url":"https:\/\/escale-coloc.fr\/","logo":{"@type":"ImageObject","inLanguage":"fr-FR","@id":"https:\/\/escale-coloc.fr\/#\/schema\/logo\/image\/","url":"https:\/\/escale-coloc.fr\/wp-content\/uploads\/2022\/02\/logov3.png","contentUrl":"https:\/\/escale-coloc.fr\/wp-content\/uploads\/2022\/02\/logov3.png","width":1453,"height":585,"caption":"Escale coloc"},"image":{"@id":"https:\/\/escale-coloc.fr\/#\/schema\/logo\/image\/"}}]}},"_links":{"self":[{"href":"https:\/\/escale-coloc.fr\/index.php\/wp-json\/wp\/v2\/pages\/14","targetHints":{"allow":["GET"]}}],"collection":[{"href":"https:\/\/escale-coloc.fr\/index.php\/wp-json\/wp\/v2\/pages"}],"about":[{"href":"https:\/\/escale-coloc.fr\/index.php\/wp-json\/wp\/v2\/types\/page"}],"author":[{"embeddable":true,"href":"https:\/\/escale-coloc.fr\/index.php\/wp-json\/wp\/v2\/users\/1"}],"replies":[{"embeddable":true,"href":"https:\/\/escale-coloc.fr\/index.php\/wp-json\/wp\/v2\/comments?post=14"}],"version-history":[{"count":14,"href":"https:\/\/escale-coloc.fr\/index.php\/wp-json\/wp\/v2\/pages\/14\/revisions"}],"predecessor-version":[{"id":303,"href":"https:\/\/escale-coloc.fr\/index.php\/wp-json\/wp\/v2\/pages\/14\/revisions\/303"}],"wp:featuredmedia":[{"embeddable":true,"href":"https:\/\/escale-coloc.fr\/index.php\/wp-json\/wp\/v2\/media\/96"}],"wp:attachment":[{"href":"https:\/\/escale-coloc.fr\/index.php\/wp-json\/wp\/v2\/media?parent=14"}],"curies":[{"name":"wp","href":"https:\/\/api.w.org\/{rel}","templated":true}]}}